{"id":2614,"date":"2024-11-16T22:15:20","date_gmt":"2024-11-16T22:15:20","guid":{"rendered":"https:\/\/thenutrition.store\/?post_type=product&#038;p=2614"},"modified":"2024-11-16T22:15:21","modified_gmt":"2024-11-16T22:15:21","slug":"lipo-6-schwarz-stim-frei-60-ct","status":"publish","type":"product","link":"https:\/\/thenutrition.store\/de\/product\/lipo-6-black-stim-free-60-ct\/","title":{"rendered":"Lipo 6 Schwarz STIM-FREE 60 ct"},"content":{"rendered":"","protected":false},"excerpt":{"rendered":"","protected":false},"featured_media":2093,"comment_status":"closed","ping_status":"closed","template":"","meta":{"site-sidebar-layout":"","site-content-layout":"","ast-site-content-layout":"","site-content-style":"","site-sidebar-style":"","ast-global-header-display":"","ast-banner-title-visibility":"","ast-main-header-display":"","ast-hfb-above-header-display":"","ast-hfb-below-header-display":"","ast-hfb-mobile-header-display":"","site-post-title":"","ast-breadcrumbs-content":"","ast-featured-img":"","footer-sml-layout":"","ast-disable-related-posts":"","theme-transparent-header-meta":"","adv-header-id-meta":"","stick-header-meta":"","header-above-stick-meta":"","header-main-stick-meta":"","header-below-stick-meta":"","astra-migrate-meta-layouts":"","ast-page-background-enabled":"default","ast-page-background-meta":{"desktop":{"background-color":"var(--ast-global-color-4)","background-image":"","background-repeat":"repeat","background-position":"center center","background-size":"auto","background-attachment":"scroll","background-type":"","background-media":"","overlay-type":"","overlay-color":"","overlay-opacity":"","overlay-gradient":""},"tablet":{"background-color":"","background-image":"","background-repeat":"repeat","background-position":"center center","background-size":"auto","background-attachment":"scroll","background-type":"","background-media":"","overlay-type":"","overlay-color":"","overlay-opacity":"","overlay-gradient":""},"mobile":{"background-color":"","background-image":"","background-repeat":"repeat","background-position":"center center","background-size":"auto","background-attachment":"scroll","background-type":"","background-media":"","overlay-type":"","overlay-color":"","overlay-opacity":"","overlay-gradient":""}},"ast-content-background-meta":{"desktop":{"background-color":"var(--ast-global-color-5)","background-image":"","background-repeat":"repeat","background-position":"center center","background-size":"auto","background-attachment":"scroll","background-type":"","background-media":"","overlay-type":"","overlay-color":"","overlay-opacity":"","overlay-gradient":""},"tablet":{"background-color":"var(--ast-global-color-5)","background-image":"","background-repeat":"repeat","background-position":"center center","background-size":"auto","background-attachment":"scroll","background-type":"","background-media":"","overlay-type":"","overlay-color":"","overlay-opacity":"","overlay-gradient":""},"mobile":{"background-color":"var(--ast-global-color-5)","background-image":"","background-repeat":"repeat","background-position":"center center","background-size":"auto","background-attachment":"scroll","background-type":"","background-media":"","overlay-type":"","overlay-color":"","overlay-opacity":"","overlay-gradient":""}},"_joinchat":[]},"product_brand":[],"product_cat":[202],"product_tag":[212],"class_list":{"0":"post-2614","1":"product","2":"type-product","3":"status-publish","4":"has-post-thumbnail","6":"product_cat-fat-burners","7":"product_tag-nutrex","8":"desktop-align-left","9":"tablet-align-left","10":"mobile-align-left","12":"first","13":"instock","14":"purchasable","15":"product-type-simple"},"yoast_head":"<!-- This site is optimized with the Yoast SEO Premium plugin v26.8 (Yoast SEO v27.3) - https:\/\/yoast.com\/product\/yoast-seo-premium-wordpress\/ -->\n<title>Lipo 6 Black STIM-FREE 60 ct -<\/title>\n<meta name=\"robots\" content=\"index, follow, max-snippet:-1, max-image-preview:large, max-video-preview:-1\" \/>\n<link rel=\"canonical\" href=\"https:\/\/thenutrition.store\/de\/produkt\/lipo-6-schwarz-stim-frei-60-ct\/\" \/>\n<meta property=\"og:locale\" content=\"de_DE\" \/>\n<meta property=\"og:type\" content=\"article\" \/>\n<meta property=\"og:title\" content=\"Lipo 6 Black STIM-FREE 60 ct\" \/>\n<meta property=\"og:url\" content=\"https:\/\/thenutrition.store\/de\/produkt\/lipo-6-schwarz-stim-frei-60-ct\/\" \/>\n<meta property=\"article:publisher\" content=\"https:\/\/www.facebook.com\/people\/The-Nutrition-Store\/100063707102061\/\" \/>\n<meta property=\"article:modified_time\" content=\"2024-11-16T22:15:21+00:00\" \/>\n<meta property=\"og:image\" content=\"https:\/\/thenutrition.store\/wp-content\/uploads\/2024\/11\/NUT082.png\" \/>\n\t<meta property=\"og:image:width\" content=\"700\" \/>\n\t<meta property=\"og:image:height\" content=\"816\" \/>\n\t<meta property=\"og:image:type\" content=\"image\/png\" \/>\n<meta name=\"twitter:card\" content=\"summary_large_image\" \/>\n<meta name=\"twitter:label1\" content=\"Preis\" \/>\n\t<meta name=\"twitter:data1\" content=\"26,35&nbsp;&euro;\" \/>\n\t<meta name=\"twitter:label2\" content=\"Verf\u00fcgbarkeit\" \/>\n\t<meta name=\"twitter:data2\" content=\"Auf Lager\" \/>\n<script type=\"application\/ld+json\" class=\"yoast-schema-graph\">{\"@context\":\"https:\\\/\\\/schema.org\",\"@graph\":[{\"@type\":\"WebPage\",\"@id\":\"https:\\\/\\\/thenutrition.store\\\/product\\\/lipo-6-black-stim-free-60-ct\\\/\",\"url\":\"https:\\\/\\\/thenutrition.store\\\/product\\\/lipo-6-black-stim-free-60-ct\\\/\",\"name\":\"Lipo 6 Black STIM-FREE 60 ct -\",\"isPartOf\":{\"@id\":\"https:\\\/\\\/thenutrition.store\\\/#website\"},\"primaryImageOfPage\":{\"@id\":\"https:\\\/\\\/thenutrition.store\\\/product\\\/lipo-6-black-stim-free-60-ct\\\/#primaryimage\"},\"image\":{\"@id\":\"https:\\\/\\\/thenutrition.store\\\/product\\\/lipo-6-black-stim-free-60-ct\\\/#primaryimage\"},\"thumbnailUrl\":\"https:\\\/\\\/thenutrition.store\\\/wp-content\\\/uploads\\\/2024\\\/11\\\/NUT082.png\",\"datePublished\":\"2024-11-16T22:15:20+00:00\",\"dateModified\":\"2024-11-16T22:15:21+00:00\",\"breadcrumb\":{\"@id\":\"https:\\\/\\\/thenutrition.store\\\/product\\\/lipo-6-black-stim-free-60-ct\\\/#breadcrumb\"},\"inLanguage\":\"de\",\"potentialAction\":[{\"@type\":\"ReadAction\",\"target\":[\"https:\\\/\\\/thenutrition.store\\\/product\\\/lipo-6-black-stim-free-60-ct\\\/\"]}]},{\"@type\":\"ImageObject\",\"inLanguage\":\"de\",\"@id\":\"https:\\\/\\\/thenutrition.store\\\/product\\\/lipo-6-black-stim-free-60-ct\\\/#primaryimage\",\"url\":\"https:\\\/\\\/thenutrition.store\\\/wp-content\\\/uploads\\\/2024\\\/11\\\/NUT082.png\",\"contentUrl\":\"https:\\\/\\\/thenutrition.store\\\/wp-content\\\/uploads\\\/2024\\\/11\\\/NUT082.png\",\"width\":700,\"height\":816,\"caption\":\"NUT082\"},{\"@type\":\"BreadcrumbList\",\"@id\":\"https:\\\/\\\/thenutrition.store\\\/product\\\/lipo-6-black-stim-free-60-ct\\\/#breadcrumb\",\"itemListElement\":[{\"@type\":\"ListItem\",\"position\":1,\"name\":\"Home\",\"item\":\"https:\\\/\\\/thenutrition.store\\\/\"},{\"@type\":\"ListItem\",\"position\":2,\"name\":\"Shop\",\"item\":\"https:\\\/\\\/thenutrition.store\\\/shop\\\/\"},{\"@type\":\"ListItem\",\"position\":3,\"name\":\"Lipo 6 Black STIM-FREE 60 ct\"}]},{\"@type\":\"WebSite\",\"@id\":\"https:\\\/\\\/thenutrition.store\\\/#website\",\"url\":\"https:\\\/\\\/thenutrition.store\\\/\",\"name\":\"The Nutrition Store\",\"description\":\"Vitamin and Supplement Store in Barcelona\",\"publisher\":{\"@id\":\"https:\\\/\\\/thenutrition.store\\\/#organization\"},\"alternateName\":\"Tienda de Nutrici\u00f3n Vitaminas Suplementos en Barcelona\",\"potentialAction\":[{\"@type\":\"SearchAction\",\"target\":{\"@type\":\"EntryPoint\",\"urlTemplate\":\"https:\\\/\\\/thenutrition.store\\\/?s={search_term_string}\"},\"query-input\":{\"@type\":\"PropertyValueSpecification\",\"valueRequired\":true,\"valueName\":\"search_term_string\"}}],\"inLanguage\":\"de\"},{\"@type\":[\"Organization\",\"Place\"],\"@id\":\"https:\\\/\\\/thenutrition.store\\\/#organization\",\"name\":\"The Nutrition Store\",\"alternateName\":\"Tienda Nutrici\u00f3n en Barcelona\",\"url\":\"https:\\\/\\\/thenutrition.store\\\/\",\"logo\":{\"@id\":\"https:\\\/\\\/thenutrition.store\\\/product\\\/lipo-6-black-stim-free-60-ct\\\/#local-main-organization-logo\"},\"image\":{\"@id\":\"https:\\\/\\\/thenutrition.store\\\/product\\\/lipo-6-black-stim-free-60-ct\\\/#local-main-organization-logo\"},\"sameAs\":[\"https:\\\/\\\/www.facebook.com\\\/people\\\/The-Nutrition-Store\\\/100063707102061\\\/\",\"https:\\\/\\\/www.instagram.com\\\/nutritionstorebarcelona\\\/\",\"https:\\\/\\\/www.tiktok.com\\\/@thenutritionstorebcnn\"],\"description\":\"Tienda de nutrici\u00f3n de Barcelona. Suplementos deportivos, vitaminas y asesoramiento personalizado.\",\"legalName\":\"The Nutrition Store\",\"foundingDate\":\"2019-11-05\",\"numberOfEmployees\":{\"@type\":\"QuantitativeValue\",\"minValue\":\"1\",\"maxValue\":\"10\"},\"ethicsPolicy\":\"https:\\\/\\\/thenutrition.store\\\/terms-and-privacy\\\/\",\"hasMerchantReturnPolicy\":{\"@type\":\"MerchantReturnPolicy\",\"merchantReturnLink\":\"https:\\\/\\\/thenutrition.store\\\/de\\\/terms-and-privacy\\\/\"},\"address\":{\"@id\":\"https:\\\/\\\/thenutrition.store\\\/product\\\/lipo-6-black-stim-free-60-ct\\\/#local-main-place-address\"},\"geo\":{\"@type\":\"GeoCoordinates\",\"latitude\":\"41.40528570\",\"longitude\":\"2.17366360\"},\"telephone\":[\"933 48 07 40\"],\"contactPoint\":{\"@type\":\"ContactPoint\",\"telephone\":\"933 48 07 40\",\"email\":\"info@thenutrition.store\"},\"openingHoursSpecification\":[{\"@type\":\"OpeningHoursSpecification\",\"dayOfWeek\":[\"Monday\",\"Tuesday\",\"Wednesday\",\"Thursday\",\"Friday\"],\"opens\":\"11:00\",\"closes\":\"23:00\"},{\"@type\":\"OpeningHoursSpecification\",\"dayOfWeek\":[\"Saturday\"],\"opens\":\"11:00\",\"closes\":\"16:00\"},{\"@type\":\"OpeningHoursSpecification\",\"dayOfWeek\":[\"Sunday\"],\"opens\":\"11:00\",\"closes\":\"18:00\"}],\"email\":\"info@thenutrition.store\",\"taxID\":\"ESY7604724H\"},{\"@type\":\"PostalAddress\",\"@id\":\"https:\\\/\\\/thenutrition.store\\\/product\\\/lipo-6-black-stim-free-60-ct\\\/#local-main-place-address\",\"streetAddress\":\"Carrer de la Marina, 300, Eixample\",\"addressLocality\":\"Barcelona\",\"postalCode\":\"08025\",\"addressRegion\":\"Barcelona\",\"addressCountry\":\"ES\"},{\"@type\":\"ImageObject\",\"inLanguage\":\"de\",\"@id\":\"https:\\\/\\\/thenutrition.store\\\/product\\\/lipo-6-black-stim-free-60-ct\\\/#local-main-organization-logo\",\"url\":\"https:\\\/\\\/thenutrition.store\\\/wp-content\\\/uploads\\\/2023\\\/11\\\/cropped-TheNutritionStoreLOGOFinal_1-2-scaled-2.jpg\",\"contentUrl\":\"https:\\\/\\\/thenutrition.store\\\/wp-content\\\/uploads\\\/2023\\\/11\\\/cropped-TheNutritionStoreLOGOFinal_1-2-scaled-2.jpg\",\"width\":2560,\"height\":661,\"caption\":\"The Nutrition Store\"}]}<\/script>\n<meta property=\"product:price:amount\" content=\"26.35\" \/>\n<meta property=\"product:price:currency\" content=\"EUR\" \/>\n<meta property=\"og:availability\" content=\"instock\" \/>\n<meta property=\"product:availability\" content=\"instock\" \/>\n<meta property=\"product:retailer_item_id\" content=\"e599b542aaa3\" \/>\n<meta property=\"product:condition\" content=\"new\" \/>\n<meta name=\"geo.placename\" content=\"Barcelona\" \/>\n<meta name=\"geo.position\" content=\"41.40528570;2.17366360\" \/>\n<meta name=\"geo.region\" content=\"Spanien\" \/>\n<!-- \/ Yoast SEO Premium plugin. -->","yoast_head_json":{"title":"Lipo 6 Schwarz STIM-FREE 60 ct -","robots":{"index":"index","follow":"follow","max-snippet":"max-snippet:-1","max-image-preview":"max-image-preview:large","max-video-preview":"max-video-preview:-1"},"canonical":"https:\/\/thenutrition.store\/de\/produkt\/lipo-6-schwarz-stim-frei-60-ct\/","og_locale":"de_DE","og_type":"article","og_title":"Lipo 6 Black STIM-FREE 60 ct","og_url":"https:\/\/thenutrition.store\/de\/produkt\/lipo-6-schwarz-stim-frei-60-ct\/","article_publisher":"https:\/\/www.facebook.com\/people\/The-Nutrition-Store\/100063707102061\/","article_modified_time":"2024-11-16T22:15:21+00:00","og_image":[{"width":700,"height":816,"url":"https:\/\/thenutrition.store\/wp-content\/uploads\/2024\/11\/NUT082.png","type":"image\/png"}],"twitter_card":"summary_large_image","twitter_misc":{"Preis":"26,35&nbsp;&euro;","Verf\u00fcgbarkeit":"Auf Lager"},"schema":{"@context":"https:\/\/schema.org","@graph":[{"@type":"WebPage","@id":"https:\/\/thenutrition.store\/product\/lipo-6-black-stim-free-60-ct\/","url":"https:\/\/thenutrition.store\/product\/lipo-6-black-stim-free-60-ct\/","name":"Lipo 6 Schwarz STIM-FREE 60 ct -","isPartOf":{"@id":"https:\/\/thenutrition.store\/#website"},"primaryImageOfPage":{"@id":"https:\/\/thenutrition.store\/product\/lipo-6-black-stim-free-60-ct\/#primaryimage"},"image":{"@id":"https:\/\/thenutrition.store\/product\/lipo-6-black-stim-free-60-ct\/#primaryimage"},"thumbnailUrl":"https:\/\/thenutrition.store\/wp-content\/uploads\/2024\/11\/NUT082.png","datePublished":"2024-11-16T22:15:20+00:00","dateModified":"2024-11-16T22:15:21+00:00","breadcrumb":{"@id":"https:\/\/thenutrition.store\/product\/lipo-6-black-stim-free-60-ct\/#breadcrumb"},"inLanguage":"de","potentialAction":[{"@type":"ReadAction","target":["https:\/\/thenutrition.store\/product\/lipo-6-black-stim-free-60-ct\/"]}]},{"@type":"ImageObject","inLanguage":"de","@id":"https:\/\/thenutrition.store\/product\/lipo-6-black-stim-free-60-ct\/#primaryimage","url":"https:\/\/thenutrition.store\/wp-content\/uploads\/2024\/11\/NUT082.png","contentUrl":"https:\/\/thenutrition.store\/wp-content\/uploads\/2024\/11\/NUT082.png","width":700,"height":816,"caption":"NUT082"},{"@type":"BreadcrumbList","@id":"https:\/\/thenutrition.store\/product\/lipo-6-black-stim-free-60-ct\/#breadcrumb","itemListElement":[{"@type":"ListItem","position":1,"name":"Home","item":"https:\/\/thenutrition.store\/"},{"@type":"ListItem","position":2,"name":"Shop","item":"https:\/\/thenutrition.store\/shop\/"},{"@type":"ListItem","position":3,"name":"Lipo 6 Black STIM-FREE 60 ct"}]},{"@type":"WebSite","@id":"https:\/\/thenutrition.store\/#website","url":"https:\/\/thenutrition.store\/","name":"Der Ern\u00e4hrungsladen","description":"Gesch\u00e4ft f\u00fcr Vitamine und Nahrungserg\u00e4nzungsmittel in Barcelona","publisher":{"@id":"https:\/\/thenutrition.store\/#organization"},"alternateName":"Tienda de Nutrici\u00f3n Vitaminas Suplementos en Barcelona","potentialAction":[{"@type":"SearchAction","target":{"@type":"EntryPoint","urlTemplate":"https:\/\/thenutrition.store\/?s={search_term_string}"},"query-input":{"@type":"PropertyValueSpecification","valueRequired":true,"valueName":"search_term_string"}}],"inLanguage":"de"},{"@type":["Organization","Place"],"@id":"https:\/\/thenutrition.store\/#organization","name":"Der Ern\u00e4hrungsladen","alternateName":"Tienda Nutrici\u00f3n en Barcelona","url":"https:\/\/thenutrition.store\/","logo":{"@id":"https:\/\/thenutrition.store\/product\/lipo-6-black-stim-free-60-ct\/#local-main-organization-logo"},"image":{"@id":"https:\/\/thenutrition.store\/product\/lipo-6-black-stim-free-60-ct\/#local-main-organization-logo"},"sameAs":["https:\/\/www.facebook.com\/people\/The-Nutrition-Store\/100063707102061\/","https:\/\/www.instagram.com\/nutritionstorebarcelona\/","https:\/\/www.tiktok.com\/@thenutritionstorebcnn"],"description":"Ern\u00e4hrungsberatung in Barcelona. Suplementos deportivos, vitaminas y asesoramiento personalizado.","legalName":"The Nutrition Store","foundingDate":"2019-11-05","numberOfEmployees":{"@type":"QuantitativeValue","minValue":"1","maxValue":"10"},"ethicsPolicy":"https:\/\/thenutrition.store\/terms-and-privacy\/","hasMerchantReturnPolicy":{"@type":"MerchantReturnPolicy","merchantReturnLink":"https:\/\/thenutrition.store\/de\/terms-and-privacy\/"},"address":{"@id":"https:\/\/thenutrition.store\/product\/lipo-6-black-stim-free-60-ct\/#local-main-place-address"},"geo":{"@type":"GeoCoordinates","latitude":"41.40528570","longitude":"2.17366360"},"telephone":["933 48 07 40"],"contactPoint":{"@type":"ContactPoint","telephone":"933 48 07 40","email":"info@thenutrition.store"},"openingHoursSpecification":[{"@type":"OpeningHoursSpecification","dayOfWeek":["Monday","Tuesday","Wednesday","Thursday","Friday"],"opens":"11:00","closes":"23:00"},{"@type":"OpeningHoursSpecification","dayOfWeek":["Saturday"],"opens":"11:00","closes":"16:00"},{"@type":"OpeningHoursSpecification","dayOfWeek":["Sunday"],"opens":"11:00","closes":"18:00"}],"email":"info@thenutrition.store","taxID":"ESY7604724H"},{"@type":"PostalAddress","@id":"https:\/\/thenutrition.store\/product\/lipo-6-black-stim-free-60-ct\/#local-main-place-address","streetAddress":"Carrer de la Marina, 300, Eixample","addressLocality":"Barcelona","postalCode":"08025","addressRegion":"Barcelona","addressCountry":"ES"},{"@type":"ImageObject","inLanguage":"de","@id":"https:\/\/thenutrition.store\/product\/lipo-6-black-stim-free-60-ct\/#local-main-organization-logo","url":"https:\/\/thenutrition.store\/wp-content\/uploads\/2023\/11\/cropped-TheNutritionStoreLOGOFinal_1-2-scaled-2.jpg","contentUrl":"https:\/\/thenutrition.store\/wp-content\/uploads\/2023\/11\/cropped-TheNutritionStoreLOGOFinal_1-2-scaled-2.jpg","width":2560,"height":661,"caption":"The Nutrition Store"}]},"product_price_amount":"26.35","product_price_currency":"EUR","og_availability":"instock","product_availability":"instock","product_retailer_item_id":"e599b542aaa3","product_condition":"new","geo.placename":"Barcelona","geo.position":{"lat":"41.40528570","long":"2.17366360"},"geo.region":"Spanien"},"_links":{"self":[{"href":"https:\/\/thenutrition.store\/de\/wp-json\/wp\/v2\/product\/2614","targetHints":{"allow":["GET"]}}],"collection":[{"href":"https:\/\/thenutrition.store\/de\/wp-json\/wp\/v2\/product"}],"about":[{"href":"https:\/\/thenutrition.store\/de\/wp-json\/wp\/v2\/types\/product"}],"replies":[{"embeddable":true,"href":"https:\/\/thenutrition.store\/de\/wp-json\/wp\/v2\/comments?post=2614"}],"version-history":[{"count":0,"href":"https:\/\/thenutrition.store\/de\/wp-json\/wp\/v2\/product\/2614\/revisions"}],"wp:featuredmedia":[{"embeddable":true,"href":"https:\/\/thenutrition.store\/de\/wp-json\/wp\/v2\/media\/2093"}],"wp:attachment":[{"href":"https:\/\/thenutrition.store\/de\/wp-json\/wp\/v2\/media?parent=2614"}],"wp:term":[{"taxonomy":"product_brand","embeddable":true,"href":"https:\/\/thenutrition.store\/de\/wp-json\/wp\/v2\/product_brand?post=2614"},{"taxonomy":"product_cat","embeddable":true,"href":"https:\/\/thenutrition.store\/de\/wp-json\/wp\/v2\/product_cat?post=2614"},{"taxonomy":"product_tag","embeddable":true,"href":"https:\/\/thenutrition.store\/de\/wp-json\/wp\/v2\/product_tag?post=2614"}],"curies":[{"name":"wp","href":"https:\/\/api.w.org\/{rel}","templated":true}]}}