{"id":2495,"date":"2024-11-16T20:28:34","date_gmt":"2024-11-16T20:28:34","guid":{"rendered":"https:\/\/thenutrition.store\/?post_type=product&#038;p=2495"},"modified":"2024-11-16T20:28:35","modified_gmt":"2024-11-16T20:28:35","slug":"bcaas-8000-uva-blanca-700-ml-envase-12-ud","status":"publish","type":"product","link":"https:\/\/thenutrition.store\/es\/product\/bcaas-8000-white-grape-700-ml-pack-12-ud\/","title":{"rendered":"BCAA'S 8000 Uva Blanca 700 ml Pack 12 ud"},"content":{"rendered":"","protected":false},"excerpt":{"rendered":"","protected":false},"featured_media":2316,"comment_status":"closed","ping_status":"closed","template":"","meta":{"site-sidebar-layout":"","site-content-layout":"","ast-site-content-layout":"","site-content-style":"","site-sidebar-style":"","ast-global-header-display":"","ast-banner-title-visibility":"","ast-main-header-display":"","ast-hfb-above-header-display":"","ast-hfb-below-header-display":"","ast-hfb-mobile-header-display":"","site-post-title":"","ast-breadcrumbs-content":"","ast-featured-img":"","footer-sml-layout":"","ast-disable-related-posts":"","theme-transparent-header-meta":"","adv-header-id-meta":"","stick-header-meta":"","header-above-stick-meta":"","header-main-stick-meta":"","header-below-stick-meta":"","astra-migrate-meta-layouts":"","ast-page-background-enabled":"default","ast-page-background-meta":{"desktop":{"background-color":"var(--ast-global-color-4)","background-image":"","background-repeat":"repeat","background-position":"center center","background-size":"auto","background-attachment":"scroll","background-type":"","background-media":"","overlay-type":"","overlay-color":"","overlay-opacity":"","overlay-gradient":""},"tablet":{"background-color":"","background-image":"","background-repeat":"repeat","background-position":"center center","background-size":"auto","background-attachment":"scroll","background-type":"","background-media":"","overlay-type":"","overlay-color":"","overlay-opacity":"","overlay-gradient":""},"mobile":{"background-color":"","background-image":"","background-repeat":"repeat","background-position":"center center","background-size":"auto","background-attachment":"scroll","background-type":"","background-media":"","overlay-type":"","overlay-color":"","overlay-opacity":"","overlay-gradient":""}},"ast-content-background-meta":{"desktop":{"background-color":"var(--ast-global-color-5)","background-image":"","background-repeat":"repeat","background-position":"center center","background-size":"auto","background-attachment":"scroll","background-type":"","background-media":"","overlay-type":"","overlay-color":"","overlay-opacity":"","overlay-gradient":""},"tablet":{"background-color":"var(--ast-global-color-5)","background-image":"","background-repeat":"repeat","background-position":"center center","background-size":"auto","background-attachment":"scroll","background-type":"","background-media":"","overlay-type":"","overlay-color":"","overlay-opacity":"","overlay-gradient":""},"mobile":{"background-color":"var(--ast-global-color-5)","background-image":"","background-repeat":"repeat","background-position":"center center","background-size":"auto","background-attachment":"scroll","background-type":"","background-media":"","overlay-type":"","overlay-color":"","overlay-opacity":"","overlay-gradient":""}},"_joinchat":[]},"product_brand":[],"product_cat":[183],"product_tag":[216],"class_list":{"0":"post-2495","1":"product","2":"type-product","3":"status-publish","4":"has-post-thumbnail","6":"product_cat-aminoacids","7":"product_tag-qnt","8":"desktop-align-left","9":"tablet-align-left","10":"mobile-align-left","12":"first","13":"instock","14":"purchasable","15":"product-type-simple"},"yoast_head":"<!-- This site is optimized with the Yoast SEO Premium plugin v26.8 (Yoast SEO v27.3) - https:\/\/yoast.com\/product\/yoast-seo-premium-wordpress\/ -->\n<title>BCAA&#039;S 8000 White Grape 700 ml Pack 12 ud -<\/title>\n<meta name=\"robots\" content=\"index, follow, max-snippet:-1, max-image-preview:large, max-video-preview:-1\" \/>\n<link rel=\"canonical\" href=\"https:\/\/thenutrition.store\/es\/producto\/bcaas-8000-uva-blanca-700-ml-envase-12-ud\/\" \/>\n<meta property=\"og:locale\" content=\"es_ES\" \/>\n<meta property=\"og:type\" content=\"article\" \/>\n<meta property=\"og:title\" content=\"BCAA&#039;S 8000 White Grape 700 ml Pack 12 ud\" \/>\n<meta property=\"og:url\" content=\"https:\/\/thenutrition.store\/es\/producto\/bcaas-8000-uva-blanca-700-ml-envase-12-ud\/\" \/>\n<meta property=\"article:publisher\" content=\"https:\/\/www.facebook.com\/people\/The-Nutrition-Store\/100063707102061\/\" \/>\n<meta property=\"article:modified_time\" content=\"2024-11-16T20:28:35+00:00\" \/>\n<meta property=\"og:image\" content=\"https:\/\/thenutrition.store\/wp-content\/uploads\/2024\/11\/QNT1229.png\" \/>\n\t<meta property=\"og:image:width\" content=\"600\" \/>\n\t<meta property=\"og:image:height\" content=\"600\" \/>\n\t<meta property=\"og:image:type\" content=\"image\/png\" \/>\n<meta name=\"twitter:card\" content=\"summary_large_image\" \/>\n<meta name=\"twitter:label1\" content=\"Precio\" \/>\n\t<meta name=\"twitter:data1\" content=\"21,83&nbsp;&euro;\" \/>\n\t<meta name=\"twitter:label2\" content=\"Disponibilidad\" \/>\n\t<meta name=\"twitter:data2\" content=\"Disponible\" \/>\n<script type=\"application\/ld+json\" class=\"yoast-schema-graph\">{\"@context\":\"https:\\\/\\\/schema.org\",\"@graph\":[{\"@type\":\"WebPage\",\"@id\":\"https:\\\/\\\/thenutrition.store\\\/product\\\/bcaas-8000-white-grape-700-ml-pack-12-ud\\\/\",\"url\":\"https:\\\/\\\/thenutrition.store\\\/product\\\/bcaas-8000-white-grape-700-ml-pack-12-ud\\\/\",\"name\":\"BCAA'S 8000 White Grape 700 ml Pack 12 ud -\",\"isPartOf\":{\"@id\":\"https:\\\/\\\/thenutrition.store\\\/#website\"},\"primaryImageOfPage\":{\"@id\":\"https:\\\/\\\/thenutrition.store\\\/product\\\/bcaas-8000-white-grape-700-ml-pack-12-ud\\\/#primaryimage\"},\"image\":{\"@id\":\"https:\\\/\\\/thenutrition.store\\\/product\\\/bcaas-8000-white-grape-700-ml-pack-12-ud\\\/#primaryimage\"},\"thumbnailUrl\":\"https:\\\/\\\/thenutrition.store\\\/wp-content\\\/uploads\\\/2024\\\/11\\\/QNT1229.png\",\"datePublished\":\"2024-11-16T20:28:34+00:00\",\"dateModified\":\"2024-11-16T20:28:35+00:00\",\"breadcrumb\":{\"@id\":\"https:\\\/\\\/thenutrition.store\\\/product\\\/bcaas-8000-white-grape-700-ml-pack-12-ud\\\/#breadcrumb\"},\"inLanguage\":\"es\",\"potentialAction\":[{\"@type\":\"ReadAction\",\"target\":[\"https:\\\/\\\/thenutrition.store\\\/product\\\/bcaas-8000-white-grape-700-ml-pack-12-ud\\\/\"]}]},{\"@type\":\"ImageObject\",\"inLanguage\":\"es\",\"@id\":\"https:\\\/\\\/thenutrition.store\\\/product\\\/bcaas-8000-white-grape-700-ml-pack-12-ud\\\/#primaryimage\",\"url\":\"https:\\\/\\\/thenutrition.store\\\/wp-content\\\/uploads\\\/2024\\\/11\\\/QNT1229.png\",\"contentUrl\":\"https:\\\/\\\/thenutrition.store\\\/wp-content\\\/uploads\\\/2024\\\/11\\\/QNT1229.png\",\"width\":600,\"height\":600,\"caption\":\"QNT1229\"},{\"@type\":\"BreadcrumbList\",\"@id\":\"https:\\\/\\\/thenutrition.store\\\/product\\\/bcaas-8000-white-grape-700-ml-pack-12-ud\\\/#breadcrumb\",\"itemListElement\":[{\"@type\":\"ListItem\",\"position\":1,\"name\":\"Home\",\"item\":\"https:\\\/\\\/thenutrition.store\\\/\"},{\"@type\":\"ListItem\",\"position\":2,\"name\":\"Shop\",\"item\":\"https:\\\/\\\/thenutrition.store\\\/shop\\\/\"},{\"@type\":\"ListItem\",\"position\":3,\"name\":\"BCAA&#8217;S 8000 White Grape 700 ml Pack 12 ud\"}]},{\"@type\":\"WebSite\",\"@id\":\"https:\\\/\\\/thenutrition.store\\\/#website\",\"url\":\"https:\\\/\\\/thenutrition.store\\\/\",\"name\":\"The Nutrition Store\",\"description\":\"Vitamin and Supplement Store in Barcelona\",\"publisher\":{\"@id\":\"https:\\\/\\\/thenutrition.store\\\/#organization\"},\"alternateName\":\"Tienda de Nutrici\u00f3n Vitaminas Suplementos en Barcelona\",\"potentialAction\":[{\"@type\":\"SearchAction\",\"target\":{\"@type\":\"EntryPoint\",\"urlTemplate\":\"https:\\\/\\\/thenutrition.store\\\/?s={search_term_string}\"},\"query-input\":{\"@type\":\"PropertyValueSpecification\",\"valueRequired\":true,\"valueName\":\"search_term_string\"}}],\"inLanguage\":\"es\"},{\"@type\":[\"Organization\",\"Place\"],\"@id\":\"https:\\\/\\\/thenutrition.store\\\/#organization\",\"name\":\"The Nutrition Store\",\"alternateName\":\"Tienda Nutrici\u00f3n en Barcelona\",\"url\":\"https:\\\/\\\/thenutrition.store\\\/\",\"logo\":{\"@id\":\"https:\\\/\\\/thenutrition.store\\\/product\\\/bcaas-8000-white-grape-700-ml-pack-12-ud\\\/#local-main-organization-logo\"},\"image\":{\"@id\":\"https:\\\/\\\/thenutrition.store\\\/product\\\/bcaas-8000-white-grape-700-ml-pack-12-ud\\\/#local-main-organization-logo\"},\"sameAs\":[\"https:\\\/\\\/www.facebook.com\\\/people\\\/The-Nutrition-Store\\\/100063707102061\\\/\",\"https:\\\/\\\/www.instagram.com\\\/nutritionstorebarcelona\\\/\",\"https:\\\/\\\/www.tiktok.com\\\/@thenutritionstorebcnn\"],\"description\":\"Tienda de nutrici\u00f3n de Barcelona. Suplementos deportivos, vitaminas y asesoramiento personalizado.\",\"legalName\":\"The Nutrition Store\",\"foundingDate\":\"2019-11-05\",\"numberOfEmployees\":{\"@type\":\"QuantitativeValue\",\"minValue\":\"1\",\"maxValue\":\"10\"},\"ethicsPolicy\":\"https:\\\/\\\/thenutrition.store\\\/terms-and-privacy\\\/\",\"hasMerchantReturnPolicy\":{\"@type\":\"MerchantReturnPolicy\",\"merchantReturnLink\":\"https:\\\/\\\/thenutrition.store\\\/es\\\/terms-and-privacy\\\/\"},\"address\":{\"@id\":\"https:\\\/\\\/thenutrition.store\\\/product\\\/bcaas-8000-white-grape-700-ml-pack-12-ud\\\/#local-main-place-address\"},\"geo\":{\"@type\":\"GeoCoordinates\",\"latitude\":\"41.40528570\",\"longitude\":\"2.17366360\"},\"telephone\":[\"933 48 07 40\"],\"contactPoint\":{\"@type\":\"ContactPoint\",\"telephone\":\"933 48 07 40\",\"email\":\"info@thenutrition.store\"},\"openingHoursSpecification\":[{\"@type\":\"OpeningHoursSpecification\",\"dayOfWeek\":[\"Monday\",\"Tuesday\",\"Wednesday\",\"Thursday\",\"Friday\"],\"opens\":\"11:00\",\"closes\":\"23:00\"},{\"@type\":\"OpeningHoursSpecification\",\"dayOfWeek\":[\"Saturday\"],\"opens\":\"11:00\",\"closes\":\"16:00\"},{\"@type\":\"OpeningHoursSpecification\",\"dayOfWeek\":[\"Sunday\"],\"opens\":\"11:00\",\"closes\":\"18:00\"}],\"email\":\"info@thenutrition.store\",\"taxID\":\"ESY7604724H\"},{\"@type\":\"PostalAddress\",\"@id\":\"https:\\\/\\\/thenutrition.store\\\/product\\\/bcaas-8000-white-grape-700-ml-pack-12-ud\\\/#local-main-place-address\",\"streetAddress\":\"Carrer de la Marina, 300, Eixample\",\"addressLocality\":\"Barcelona\",\"postalCode\":\"08025\",\"addressRegion\":\"Barcelona\",\"addressCountry\":\"ES\"},{\"@type\":\"ImageObject\",\"inLanguage\":\"es\",\"@id\":\"https:\\\/\\\/thenutrition.store\\\/product\\\/bcaas-8000-white-grape-700-ml-pack-12-ud\\\/#local-main-organization-logo\",\"url\":\"https:\\\/\\\/thenutrition.store\\\/wp-content\\\/uploads\\\/2023\\\/11\\\/cropped-TheNutritionStoreLOGOFinal_1-2-scaled-2.jpg\",\"contentUrl\":\"https:\\\/\\\/thenutrition.store\\\/wp-content\\\/uploads\\\/2023\\\/11\\\/cropped-TheNutritionStoreLOGOFinal_1-2-scaled-2.jpg\",\"width\":2560,\"height\":661,\"caption\":\"The Nutrition Store\"}]}<\/script>\n<meta property=\"product:price:amount\" content=\"21.83\" \/>\n<meta property=\"product:price:currency\" content=\"EUR\" \/>\n<meta property=\"og:availability\" content=\"instock\" \/>\n<meta property=\"product:availability\" content=\"instock\" \/>\n<meta property=\"product:retailer_item_id\" content=\"2b359d3d869a\" \/>\n<meta property=\"product:condition\" content=\"new\" \/>\n<meta name=\"geo.placename\" content=\"Barcelona\" \/>\n<meta name=\"geo.position\" content=\"41.40528570;2.17366360\" \/>\n<meta name=\"geo.region\" content=\"Espa\u00f1a\" \/>\n<!-- \/ Yoast SEO Premium plugin. -->","yoast_head_json":{"title":"BCAA'S 8000 Uva Blanca 700 ml Pack 12 ud -","robots":{"index":"index","follow":"follow","max-snippet":"max-snippet:-1","max-image-preview":"max-image-preview:large","max-video-preview":"max-video-preview:-1"},"canonical":"https:\/\/thenutrition.store\/es\/producto\/bcaas-8000-uva-blanca-700-ml-envase-12-ud\/","og_locale":"es_ES","og_type":"article","og_title":"BCAA'S 8000 White Grape 700 ml Pack 12 ud","og_url":"https:\/\/thenutrition.store\/es\/producto\/bcaas-8000-uva-blanca-700-ml-envase-12-ud\/","article_publisher":"https:\/\/www.facebook.com\/people\/The-Nutrition-Store\/100063707102061\/","article_modified_time":"2024-11-16T20:28:35+00:00","og_image":[{"width":600,"height":600,"url":"https:\/\/thenutrition.store\/wp-content\/uploads\/2024\/11\/QNT1229.png","type":"image\/png"}],"twitter_card":"summary_large_image","twitter_misc":{"Precio":"21,83&nbsp;&euro;","Disponibilidad":"Disponible"},"schema":{"@context":"https:\/\/schema.org","@graph":[{"@type":"WebPage","@id":"https:\/\/thenutrition.store\/product\/bcaas-8000-white-grape-700-ml-pack-12-ud\/","url":"https:\/\/thenutrition.store\/product\/bcaas-8000-white-grape-700-ml-pack-12-ud\/","name":"BCAA'S 8000 Uva Blanca 700 ml Pack 12 ud -","isPartOf":{"@id":"https:\/\/thenutrition.store\/#website"},"primaryImageOfPage":{"@id":"https:\/\/thenutrition.store\/product\/bcaas-8000-white-grape-700-ml-pack-12-ud\/#primaryimage"},"image":{"@id":"https:\/\/thenutrition.store\/product\/bcaas-8000-white-grape-700-ml-pack-12-ud\/#primaryimage"},"thumbnailUrl":"https:\/\/thenutrition.store\/wp-content\/uploads\/2024\/11\/QNT1229.png","datePublished":"2024-11-16T20:28:34+00:00","dateModified":"2024-11-16T20:28:35+00:00","breadcrumb":{"@id":"https:\/\/thenutrition.store\/product\/bcaas-8000-white-grape-700-ml-pack-12-ud\/#breadcrumb"},"inLanguage":"es","potentialAction":[{"@type":"ReadAction","target":["https:\/\/thenutrition.store\/product\/bcaas-8000-white-grape-700-ml-pack-12-ud\/"]}]},{"@type":"ImageObject","inLanguage":"es","@id":"https:\/\/thenutrition.store\/product\/bcaas-8000-white-grape-700-ml-pack-12-ud\/#primaryimage","url":"https:\/\/thenutrition.store\/wp-content\/uploads\/2024\/11\/QNT1229.png","contentUrl":"https:\/\/thenutrition.store\/wp-content\/uploads\/2024\/11\/QNT1229.png","width":600,"height":600,"caption":"QNT1229"},{"@type":"BreadcrumbList","@id":"https:\/\/thenutrition.store\/product\/bcaas-8000-white-grape-700-ml-pack-12-ud\/#breadcrumb","itemListElement":[{"@type":"ListItem","position":1,"name":"Home","item":"https:\/\/thenutrition.store\/"},{"@type":"ListItem","position":2,"name":"Shop","item":"https:\/\/thenutrition.store\/shop\/"},{"@type":"ListItem","position":3,"name":"BCAA&#8217;S 8000 White Grape 700 ml Pack 12 ud"}]},{"@type":"WebSite","@id":"https:\/\/thenutrition.store\/#website","url":"https:\/\/thenutrition.store\/","name":"<strong>The Nutrition Store<\/strong> es una alternativa local en Barcelona para quienes desean continuar cuidando su nutrici\u00f3n deportiva con productos de calidad y atenci\u00f3n especializada.","description":"Tienda de vitaminas y suplementos en Barcelona","publisher":{"@id":"https:\/\/thenutrition.store\/#organization"},"alternateName":"Tienda de Nutrici\u00f3n Vitaminas Suplementos en Barcelona","potentialAction":[{"@type":"SearchAction","target":{"@type":"EntryPoint","urlTemplate":"https:\/\/thenutrition.store\/?s={search_term_string}"},"query-input":{"@type":"PropertyValueSpecification","valueRequired":true,"valueName":"search_term_string"}}],"inLanguage":"es"},{"@type":["Organization","Place"],"@id":"https:\/\/thenutrition.store\/#organization","name":"<strong>The Nutrition Store<\/strong> es una alternativa local en Barcelona para quienes desean continuar cuidando su nutrici\u00f3n deportiva con productos de calidad y atenci\u00f3n especializada.","alternateName":"Tienda Nutrici\u00f3n en Barcelona","url":"https:\/\/thenutrition.store\/","logo":{"@id":"https:\/\/thenutrition.store\/product\/bcaas-8000-white-grape-700-ml-pack-12-ud\/#local-main-organization-logo"},"image":{"@id":"https:\/\/thenutrition.store\/product\/bcaas-8000-white-grape-700-ml-pack-12-ud\/#local-main-organization-logo"},"sameAs":["https:\/\/www.facebook.com\/people\/The-Nutrition-Store\/100063707102061\/","https:\/\/www.instagram.com\/nutritionstorebarcelona\/","https:\/\/www.tiktok.com\/@thenutritionstorebcnn"],"description":"Tienda de nutrici\u00f3n de Barcelona. Suplementos deportivos, vitaminas y asesoramiento personalizado.","legalName":"The Nutrition Store","foundingDate":"2019-11-05","numberOfEmployees":{"@type":"QuantitativeValue","minValue":"1","maxValue":"10"},"ethicsPolicy":"https:\/\/thenutrition.store\/terms-and-privacy\/","hasMerchantReturnPolicy":{"@type":"MerchantReturnPolicy","merchantReturnLink":"https:\/\/thenutrition.store\/es\/terms-and-privacy\/"},"address":{"@id":"https:\/\/thenutrition.store\/product\/bcaas-8000-white-grape-700-ml-pack-12-ud\/#local-main-place-address"},"geo":{"@type":"GeoCoordinates","latitude":"41.40528570","longitude":"2.17366360"},"telephone":["933 48 07 40"],"contactPoint":{"@type":"ContactPoint","telephone":"933 48 07 40","email":"info@thenutrition.store"},"openingHoursSpecification":[{"@type":"OpeningHoursSpecification","dayOfWeek":["Monday","Tuesday","Wednesday","Thursday","Friday"],"opens":"11:00","closes":"23:00"},{"@type":"OpeningHoursSpecification","dayOfWeek":["Saturday"],"opens":"11:00","closes":"16:00"},{"@type":"OpeningHoursSpecification","dayOfWeek":["Sunday"],"opens":"11:00","closes":"18:00"}],"email":"info@thenutrition.store","taxID":"ESY7604724H"},{"@type":"PostalAddress","@id":"https:\/\/thenutrition.store\/product\/bcaas-8000-white-grape-700-ml-pack-12-ud\/#local-main-place-address","streetAddress":"Carrer de la Marina, 300, Eixample","addressLocality":"Barcelona","postalCode":"08025","addressRegion":"Barcelona","addressCountry":"ES"},{"@type":"ImageObject","inLanguage":"es","@id":"https:\/\/thenutrition.store\/product\/bcaas-8000-white-grape-700-ml-pack-12-ud\/#local-main-organization-logo","url":"https:\/\/thenutrition.store\/wp-content\/uploads\/2023\/11\/cropped-TheNutritionStoreLOGOFinal_1-2-scaled-2.jpg","contentUrl":"https:\/\/thenutrition.store\/wp-content\/uploads\/2023\/11\/cropped-TheNutritionStoreLOGOFinal_1-2-scaled-2.jpg","width":2560,"height":661,"caption":"The Nutrition Store"}]},"product_price_amount":"21.83","product_price_currency":"EUR","og_availability":"instock","product_availability":"instock","product_retailer_item_id":"2b359d3d869a","product_condition":"new","geo.placename":"Barcelona","geo.position":{"lat":"41.40528570","long":"2.17366360"},"geo.region":"Espa\u00f1a"},"_links":{"self":[{"href":"https:\/\/thenutrition.store\/es\/wp-json\/wp\/v2\/product\/2495","targetHints":{"allow":["GET"]}}],"collection":[{"href":"https:\/\/thenutrition.store\/es\/wp-json\/wp\/v2\/product"}],"about":[{"href":"https:\/\/thenutrition.store\/es\/wp-json\/wp\/v2\/types\/product"}],"replies":[{"embeddable":true,"href":"https:\/\/thenutrition.store\/es\/wp-json\/wp\/v2\/comments?post=2495"}],"version-history":[{"count":0,"href":"https:\/\/thenutrition.store\/es\/wp-json\/wp\/v2\/product\/2495\/revisions"}],"wp:featuredmedia":[{"embeddable":true,"href":"https:\/\/thenutrition.store\/es\/wp-json\/wp\/v2\/media\/2316"}],"wp:attachment":[{"href":"https:\/\/thenutrition.store\/es\/wp-json\/wp\/v2\/media?parent=2495"}],"wp:term":[{"taxonomy":"product_brand","embeddable":true,"href":"https:\/\/thenutrition.store\/es\/wp-json\/wp\/v2\/product_brand?post=2495"},{"taxonomy":"product_cat","embeddable":true,"href":"https:\/\/thenutrition.store\/es\/wp-json\/wp\/v2\/product_cat?post=2495"},{"taxonomy":"product_tag","embeddable":true,"href":"https:\/\/thenutrition.store\/es\/wp-json\/wp\/v2\/product_tag?post=2495"}],"curies":[{"name":"wp","href":"https:\/\/api.w.org\/{rel}","templated":true}]}}