{"id":17,"date":"2023-11-29T08:04:52","date_gmt":"2023-11-29T08:04:52","guid":{"rendered":"https:\/\/thenutrition.store\/?page_id=17"},"modified":"2026-04-08T02:06:54","modified_gmt":"2026-04-08T02:06:54","slug":"contact","status":"publish","type":"page","link":"https:\/\/thenutrition.store\/fr\/contact\/","title":{"rendered":"CONTACT"},"content":{"rendered":"<div data-elementor-type=\"wp-page\" data-elementor-id=\"17\" class=\"elementor elementor-17\" data-elementor-post-type=\"page\">\n\t\t\t\t\t\t<section class=\"elementor-section elementor-top-section elementor-element elementor-element-74cbddf8 elementor-section-boxed elementor-section-height-default elementor-section-height-default\" data-id=\"74cbddf8\" data-element_type=\"section\" data-e-type=\"section\" data-settings=\"{&quot;background_background&quot;:&quot;classic&quot;}\">\n\t\t\t\t\t\t<div class=\"elementor-container elementor-column-gap-no\">\n\t\t\t\t\t<div class=\"elementor-column elementor-col-100 elementor-top-column elementor-element elementor-element-6a80d03a\" data-id=\"6a80d03a\" data-element_type=\"column\" data-e-type=\"column\">\n\t\t\t<div class=\"elementor-widget-wrap elementor-element-populated\">\n\t\t\t\t\t\t<div class=\"elementor-element elementor-element-8cab8df elementor-widget elementor-widget-heading\" data-id=\"8cab8df\" data-element_type=\"widget\" data-e-type=\"widget\" data-widget_type=\"heading.default\">\n\t\t\t\t<div class=\"elementor-widget-container\">\n\t\t\t\t\t<h2 class=\"elementor-heading-title elementor-size-default\">Contact<\/h2>\t\t\t\t<\/div>\n\t\t\t\t<\/div>\n\t\t\t\t\t<\/div>\n\t\t<\/div>\n\t\t\t\t\t<\/div>\n\t\t<\/section>\n\t\t\t\t<section class=\"elementor-section elementor-top-section elementor-element elementor-element-8a49cfd elementor-section-boxed elementor-section-height-default elementor-section-height-default\" data-id=\"8a49cfd\" data-element_type=\"section\" data-e-type=\"section\">\n\t\t\t\t\t\t<div class=\"elementor-container elementor-column-gap-default\">\n\t\t\t\t\t<div class=\"elementor-column elementor-col-100 elementor-top-column elementor-element elementor-element-e4cb952\" data-id=\"e4cb952\" data-element_type=\"column\" data-e-type=\"column\">\n\t\t\t<div class=\"elementor-widget-wrap elementor-element-populated\">\n\t\t\t\t\t\t<div class=\"elementor-element elementor-element-d687327 elementor-widget elementor-widget-text-editor\" data-id=\"d687327\" data-element_type=\"widget\" data-e-type=\"widget\" data-widget_type=\"text-editor.default\">\n\t\t\t\t<div class=\"elementor-widget-container\">\n\t\t\t\t\t\t\t\t\t<p><strong>Entra\u00eeneur personnel Barcelone<\/strong> - Vous \u00eates \u00e0 la recherche de conseils d'experts en mati\u00e8re de fitness et de nutrition ? Contactez The Nutrition Store \u00e0 Marina 300 pour des consultations professionnelles avec notre \u00e9quipe d'entra\u00eeneurs personnels certifi\u00e9s de Barcelone. Notre personnel comp\u00e9tent collabore avec des entra\u00eeneurs personnels et des nutritionnistes exp\u00e9riment\u00e9s pour fournir des plans d'entra\u00eenement personnalis\u00e9s, des recommandations de suppl\u00e9ments et des conseils di\u00e9t\u00e9tiques adapt\u00e9s \u00e0 vos besoins sp\u00e9cifiques. <a href=\"https:\/\/thenutrition.store\/fr\/pre-entrainement\/\">la remise en forme<\/a> objectifs. Que vous recherchiez un soutien \u00e0 la perte de poids, des strat\u00e9gies de renforcement musculaire ou l'am\u00e9lioration des performances athl\u00e9tiques, notre site de Barcelone offre des services complets combinant des produits de premi\u00e8re qualit\u00e9 et des services de qualit\u00e9 sup\u00e9rieure. <a href=\"https:\/\/thenutrition.store\/fr\/aliments-gastronomiques\/\">suppl\u00e9ments<\/a> avec une expertise en formation professionnelle. Appelez le +34 933 48 07 40 ou envoyez-nous un courriel pour planifier votre consultation et commencer votre voyage de transformation d\u00e8s aujourd'hui.<\/p>\t\t\t\t\t\t\t\t<\/div>\n\t\t\t\t<\/div>\n\t\t\t\t\t<\/div>\n\t\t<\/div>\n\t\t\t\t\t<\/div>\n\t\t<\/section>\n\t\t\t\t<section class=\"elementor-section elementor-top-section elementor-element elementor-element-246dc75e elementor-section-boxed elementor-section-height-default elementor-section-height-default\" data-id=\"246dc75e\" data-element_type=\"section\" data-e-type=\"section\">\n\t\t\t\t\t\t<div class=\"elementor-container elementor-column-gap-no\">\n\t\t\t\t\t<div class=\"elementor-column elementor-col-33 elementor-top-column elementor-element elementor-element-5352cd1a elementor-invisible\" data-id=\"5352cd1a\" data-element_type=\"column\" data-e-type=\"column\" data-settings=\"{&quot;animation&quot;:&quot;fadeInLeft&quot;}\">\n\t\t\t<div class=\"elementor-widget-wrap elementor-element-populated\">\n\t\t\t\t\t\t<div class=\"elementor-element elementor-element-01e89cc elementor-widget elementor-widget-heading\" data-id=\"01e89cc\" data-element_type=\"widget\" data-e-type=\"widget\" data-widget_type=\"heading.default\">\n\t\t\t\t<div class=\"elementor-widget-container\">\n\t\t\t\t\t<h4 class=\"elementor-heading-title elementor-size-default\">\n<\/h4>\t\t\t\t<\/div>\n\t\t\t\t<\/div>\n\t\t\t\t<div class=\"elementor-element elementor-element-1b808f47 elementor-invisible elementor-widget elementor-widget-heading\" data-id=\"1b808f47\" data-element_type=\"widget\" data-e-type=\"widget\" data-settings=\"{&quot;_animation&quot;:&quot;fadeInUp&quot;}\" data-widget_type=\"heading.default\">\n\t\t\t\t<div class=\"elementor-widget-container\">\n\t\t\t\t\t<h2 class=\"elementor-heading-title elementor-size-default\">Avez-vous des questions? Entrer en contact!\n\n<\/h2>\t\t\t\t<\/div>\n\t\t\t\t<\/div>\n\t\t\t\t\t<\/div>\n\t\t<\/div>\n\t\t\t\t<div class=\"elementor-column elementor-col-33 elementor-top-column elementor-element elementor-element-7654873c elementor-invisible\" data-id=\"7654873c\" data-element_type=\"column\" data-e-type=\"column\" data-settings=\"{&quot;animation&quot;:&quot;zoomIn&quot;}\">\n\t\t\t<div class=\"elementor-widget-wrap elementor-element-populated\">\n\t\t\t\t\t\t<div class=\"elementor-element elementor-element-2322f28 animated-fast elementor-invisible elementor-widget elementor-widget-image\" data-id=\"2322f28\" data-element_type=\"widget\" data-e-type=\"widget\" data-settings=\"{&quot;_animation&quot;:&quot;fadeIn&quot;}\" data-widget_type=\"image.default\">\n\t\t\t\t<div class=\"elementor-widget-container\">\n\t\t\t\t\t\t\t\t\t\t\t\t\t\t\t\t<a href=\"https:\/\/wa.me\/+34669888694\">\n\t\t\t\t\t\t\t<img decoding=\"async\" width=\"300\" height=\"80\" src=\"https:\/\/thenutrition.store\/wp-content\/uploads\/2023\/11\/9bd19c6c-4c2b-4a6a-b4c6-f98055b93531-300x80.png\" class=\"elementor-animation-shrink attachment-medium size-medium wp-image-823\" alt=\"9bd19c6c 4c2b 4a6a b4c6 f98055b93531\" srcset=\"https:\/\/thenutrition.store\/wp-content\/uploads\/2023\/11\/9bd19c6c-4c2b-4a6a-b4c6-f98055b93531-300x80.png 300w, https:\/\/thenutrition.store\/wp-content\/uploads\/2023\/11\/9bd19c6c-4c2b-4a6a-b4c6-f98055b93531-64x17.png 64w, https:\/\/thenutrition.store\/wp-content\/uploads\/2023\/11\/9bd19c6c-4c2b-4a6a-b4c6-f98055b93531.png 435w\" sizes=\"(max-width: 300px) 100vw, 300px\" \/>\t\t\t\t\t\t\t\t<\/a>\n\t\t\t\t\t\t\t\t\t\t\t\t\t\t\t<\/div>\n\t\t\t\t<\/div>\n\t\t\t\t\t<\/div>\n\t\t<\/div>\n\t\t\t\t<div class=\"elementor-column elementor-col-33 elementor-top-column elementor-element elementor-element-5e30f5f6 elementor-invisible\" data-id=\"5e30f5f6\" data-element_type=\"column\" data-e-type=\"column\" data-settings=\"{&quot;animation&quot;:&quot;fadeInRight&quot;}\">\n\t\t\t<div class=\"elementor-widget-wrap elementor-element-populated\">\n\t\t\t\t\t\t<div class=\"elementor-element elementor-element-70df50f elementor-widget elementor-widget-text-editor\" data-id=\"70df50f\" data-element_type=\"widget\" data-e-type=\"widget\" data-widget_type=\"text-editor.default\">\n\t\t\t\t<div class=\"elementor-widget-container\">\n\t\t\t\t\t\t\t\t\t<p dir=\"ltr\"><strong>Le magasin de nutrition<\/strong><\/p><p dir=\"ltr\"><a href=\"https:\/\/www.google.com\/maps\/place\/The+Nutrition+Store+-+Sports+Supplements+Store+in+Barcelona\/@41.4052897,2.1710833,17z\/data=!3m2!4b1!5s0x12a4a2c35b726685:0xf1041c914a55603!4m6!3m5!1s0x12a4a2c363e3381d:0x6bf6e96a5276bda4!8m2!3d41.4052857!4d2.1736636!16s%2Fg%2F1v8yzhjt?entry=ttu&amp;g_ep=EgoyMDI2MDMxOC4xIKXMDSoASAFQAw%3D%3D\" target=\"_blank\" rel=\"noopener\">Carrer de la Marina, 300, Eixample,<br \/>08025 Barcelone<\/a><\/p><p dir=\"ltr\"><a href=\"\/fr\/t\u00e9l:+34933480740\/\">933 48 07 40<\/a><\/p><p dir=\"ltr\"><a href=\"mailto:info@thenutrition.store\" target=\"_blank\" rel=\"noopener\">info@thenutrition.store<\/a><\/p>\t\t\t\t\t\t\t\t<\/div>\n\t\t\t\t<\/div>\n\t\t\t\t\t<\/div>\n\t\t<\/div>\n\t\t\t\t\t<\/div>\n\t\t<\/section>\n\t\t\t\t<section class=\"elementor-section elementor-top-section elementor-element elementor-element-72f353bd elementor-section-full_width elementor-section-height-default elementor-section-height-default\" data-id=\"72f353bd\" data-element_type=\"section\" data-e-type=\"section\">\n\t\t\t\t\t\t<div class=\"elementor-container elementor-column-gap-no\">\n\t\t\t\t\t<div class=\"elementor-column elementor-col-100 elementor-top-column elementor-element elementor-element-f54e4d3\" data-id=\"f54e4d3\" data-element_type=\"column\" data-e-type=\"column\">\n\t\t\t<div class=\"elementor-widget-wrap elementor-element-populated\">\n\t\t\t\t\t\t<div class=\"elementor-element elementor-element-3abff7a elementor-widget elementor-widget-html\" data-id=\"3abff7a\" data-element_type=\"widget\" data-e-type=\"widget\" data-widget_type=\"html.default\">\n\t\t\t\t<div class=\"elementor-widget-container\">\n\t\t\t\t\t<iframe src=\"https:\/\/www.google.com\/maps\/embed?pb=!1m18!1m12!1m3!1d2992.5620348758366!2d2.171048425803508!3d41.4053167448832!2m3!1f0!2f0!3f0!3m2!1i1024!2i768!4f13.1!3m3!1m2!1s0x12a4a2c363e3381d%3A0x6bf6e96a5276bda4!2sThe%20Nutrition%20Store!5e0!3m2!1sen!2s!4v1701341646604!5m2!1sen!2s\" width=\"100%\" height=\"550\" style=\"border:0;\" allowfullscreen=\"\" loading=\"lazy\" referrerpolicy=\"no-referrer-when-downgrade\"><\/iframe>\t\t\t\t<\/div>\n\t\t\t\t<\/div>\n\t\t\t\t\t<\/div>\n\t\t<\/div>\n\t\t\t\t\t<\/div>\n\t\t<\/section>\n\t\t\t\t<\/div>","protected":false},"excerpt":{"rendered":"<p>Contact Personal trainer Barcelona &#8211; Looking for expert fitness guidance and nutrition support? Contact The Nutrition Store at Marina 300 [&hellip;]<\/p>\n","protected":false},"author":1,"featured_media":0,"parent":0,"menu_order":0,"comment_status":"closed","ping_status":"closed","template":"","meta":{"site-sidebar-layout":"default","site-content-layout":"","ast-site-content-layout":"default","site-content-style":"default","site-sidebar-style":"default","ast-global-header-display":"","ast-banner-title-visibility":"","ast-main-header-display":"","ast-hfb-above-header-display":"","ast-hfb-below-header-display":"","ast-hfb-mobile-header-display":"","site-post-title":"disabled","ast-breadcrumbs-content":"","ast-featured-img":"","footer-sml-layout":"","ast-disable-related-posts":"","theme-transparent-header-meta":"","adv-header-id-meta":"","stick-header-meta":"","header-above-stick-meta":"","header-main-stick-meta":"","header-below-stick-meta":"","astra-migrate-meta-layouts":"default","ast-page-background-enabled":"default","ast-page-background-meta":{"desktop":{"background-color":"var(--ast-global-color-4)","background-image":"","background-repeat":"repeat","background-position":"center center","background-size":"auto","background-attachment":"scroll","background-type":"","background-media":"","overlay-type":"","overlay-color":"","overlay-opacity":"","overlay-gradient":""},"tablet":{"background-color":"","background-image":"","background-repeat":"repeat","background-position":"center center","background-size":"auto","background-attachment":"scroll","background-type":"","background-media":"","overlay-type":"","overlay-color":"","overlay-opacity":"","overlay-gradient":""},"mobile":{"background-color":"","background-image":"","background-repeat":"repeat","background-position":"center center","background-size":"auto","background-attachment":"scroll","background-type":"","background-media":"","overlay-type":"","overlay-color":"","overlay-opacity":"","overlay-gradient":""}},"ast-content-background-meta":{"desktop":{"background-color":"var(--ast-global-color-5)","background-image":"","background-repeat":"repeat","background-position":"center center","background-size":"auto","background-attachment":"scroll","background-type":"","background-media":"","overlay-type":"","overlay-color":"","overlay-opacity":"","overlay-gradient":""},"tablet":{"background-color":"var(--ast-global-color-5)","background-image":"","background-repeat":"repeat","background-position":"center center","background-size":"auto","background-attachment":"scroll","background-type":"","background-media":"","overlay-type":"","overlay-color":"","overlay-opacity":"","overlay-gradient":""},"mobile":{"background-color":"var(--ast-global-color-5)","background-image":"","background-repeat":"repeat","background-position":"center center","background-size":"auto","background-attachment":"scroll","background-type":"","background-media":"","overlay-type":"","overlay-color":"","overlay-opacity":"","overlay-gradient":""}},"_joinchat":[],"footnotes":""},"class_list":["post-17","page","type-page","status-publish","hentry"],"yoast_head":"<!-- This site is optimized with the Yoast SEO Premium plugin v26.8 (Yoast SEO v27.3) - https:\/\/yoast.com\/product\/yoast-seo-premium-wordpress\/ -->\n<title>Personal trainer Barcelona - Contact Nutrition Store Marina<\/title>\n<meta name=\"description\" content=\"Personal trainer Barcelona: Contact our expert team at Marina 300. Get personalized training plans, nutrition advice &amp; premium supplements.\" \/>\n<meta name=\"robots\" content=\"index, follow, max-snippet:-1, max-image-preview:large, max-video-preview:-1\" \/>\n<link rel=\"canonical\" href=\"https:\/\/thenutrition.store\/fr\/contact\/\" \/>\n<meta property=\"og:locale\" content=\"fr_FR\" \/>\n<meta property=\"og:type\" content=\"article\" \/>\n<meta property=\"og:title\" content=\"CONTACT\" \/>\n<meta property=\"og:description\" content=\"Personal trainer Barcelona: Contact our expert team at Marina 300. Get personalized training plans, nutrition advice &amp; premium supplements.\" \/>\n<meta property=\"og:url\" content=\"https:\/\/thenutrition.store\/fr\/contact\/\" \/>\n<meta property=\"article:publisher\" content=\"https:\/\/www.facebook.com\/people\/The-Nutrition-Store\/100063707102061\/\" \/>\n<meta property=\"article:modified_time\" content=\"2026-04-08T02:06:54+00:00\" \/>\n<meta property=\"og:image\" content=\"https:\/\/thenutrition.store\/wp-content\/uploads\/2023\/11\/9bd19c6c-4c2b-4a6a-b4c6-f98055b93531.png\" \/>\n\t<meta property=\"og:image:width\" content=\"435\" \/>\n\t<meta property=\"og:image:height\" content=\"116\" \/>\n\t<meta property=\"og:image:type\" content=\"image\/png\" \/>\n<meta name=\"twitter:card\" content=\"summary_large_image\" \/>\n<meta name=\"twitter:label1\" content=\"Dur\u00e9e de lecture estim\u00e9e\" \/>\n\t<meta name=\"twitter:data1\" content=\"1 minute\" \/>\n<script type=\"application\/ld+json\" class=\"yoast-schema-graph\">{\"@context\":\"https:\\\/\\\/schema.org\",\"@graph\":[{\"@type\":\"WebPage\",\"@id\":\"https:\\\/\\\/thenutrition.store\\\/contact\\\/\",\"url\":\"https:\\\/\\\/thenutrition.store\\\/contact\\\/\",\"name\":\"Personal trainer Barcelona - Contact Nutrition Store Marina\",\"isPartOf\":{\"@id\":\"https:\\\/\\\/thenutrition.store\\\/#website\"},\"primaryImageOfPage\":{\"@id\":\"https:\\\/\\\/thenutrition.store\\\/contact\\\/#primaryimage\"},\"image\":{\"@id\":\"https:\\\/\\\/thenutrition.store\\\/contact\\\/#primaryimage\"},\"thumbnailUrl\":\"https:\\\/\\\/thenutrition.store\\\/wp-content\\\/uploads\\\/2023\\\/11\\\/9bd19c6c-4c2b-4a6a-b4c6-f98055b93531-300x80.png\",\"datePublished\":\"2023-11-29T08:04:52+00:00\",\"dateModified\":\"2026-04-08T02:06:54+00:00\",\"description\":\"Personal trainer Barcelona: Contact our expert team at Marina 300. Get personalized training plans, nutrition advice & premium supplements.\",\"breadcrumb\":{\"@id\":\"https:\\\/\\\/thenutrition.store\\\/contact\\\/#breadcrumb\"},\"inLanguage\":\"fr-FR\",\"potentialAction\":[{\"@type\":\"ReadAction\",\"target\":[\"https:\\\/\\\/thenutrition.store\\\/contact\\\/\"]}]},{\"@type\":\"ImageObject\",\"inLanguage\":\"fr-FR\",\"@id\":\"https:\\\/\\\/thenutrition.store\\\/contact\\\/#primaryimage\",\"url\":\"https:\\\/\\\/thenutrition.store\\\/wp-content\\\/uploads\\\/2023\\\/11\\\/9bd19c6c-4c2b-4a6a-b4c6-f98055b93531-300x80.png\",\"contentUrl\":\"https:\\\/\\\/thenutrition.store\\\/wp-content\\\/uploads\\\/2023\\\/11\\\/9bd19c6c-4c2b-4a6a-b4c6-f98055b93531-300x80.png\"},{\"@type\":\"BreadcrumbList\",\"@id\":\"https:\\\/\\\/thenutrition.store\\\/contact\\\/#breadcrumb\",\"itemListElement\":[{\"@type\":\"ListItem\",\"position\":1,\"name\":\"Home\",\"item\":\"https:\\\/\\\/thenutrition.store\\\/\"},{\"@type\":\"ListItem\",\"position\":2,\"name\":\"CONTACT\"}]},{\"@type\":\"WebSite\",\"@id\":\"https:\\\/\\\/thenutrition.store\\\/#website\",\"url\":\"https:\\\/\\\/thenutrition.store\\\/\",\"name\":\"The Nutrition Store\",\"description\":\"Vitamin and Supplement Store in Barcelona\",\"publisher\":{\"@id\":\"https:\\\/\\\/thenutrition.store\\\/#organization\"},\"alternateName\":\"Tienda de Nutrici\u00f3n Vitaminas Suplementos en Barcelona\",\"potentialAction\":[{\"@type\":\"SearchAction\",\"target\":{\"@type\":\"EntryPoint\",\"urlTemplate\":\"https:\\\/\\\/thenutrition.store\\\/?s={search_term_string}\"},\"query-input\":{\"@type\":\"PropertyValueSpecification\",\"valueRequired\":true,\"valueName\":\"search_term_string\"}}],\"inLanguage\":\"fr-FR\"},{\"@type\":[\"Organization\",\"Place\"],\"@id\":\"https:\\\/\\\/thenutrition.store\\\/#organization\",\"name\":\"The Nutrition Store\",\"alternateName\":\"Tienda Nutrici\u00f3n en Barcelona\",\"url\":\"https:\\\/\\\/thenutrition.store\\\/\",\"logo\":{\"@id\":\"https:\\\/\\\/thenutrition.store\\\/contact\\\/#local-main-organization-logo\"},\"image\":{\"@id\":\"https:\\\/\\\/thenutrition.store\\\/contact\\\/#local-main-organization-logo\"},\"sameAs\":[\"https:\\\/\\\/www.facebook.com\\\/people\\\/The-Nutrition-Store\\\/100063707102061\\\/\",\"https:\\\/\\\/www.instagram.com\\\/nutritionstorebarcelona\\\/\",\"https:\\\/\\\/www.tiktok.com\\\/@thenutritionstorebcnn\"],\"description\":\"Tienda de nutrici\u00f3n de Barcelona. Suplementos deportivos, vitaminas y asesoramiento personalizado.\",\"legalName\":\"The Nutrition Store\",\"foundingDate\":\"2019-11-05\",\"numberOfEmployees\":{\"@type\":\"QuantitativeValue\",\"minValue\":\"1\",\"maxValue\":\"10\"},\"ethicsPolicy\":\"https:\\\/\\\/thenutrition.store\\\/terms-and-privacy\\\/\",\"hasMerchantReturnPolicy\":{\"@type\":\"MerchantReturnPolicy\",\"merchantReturnLink\":\"https:\\\/\\\/thenutrition.store\\\/fr\\\/terms-and-privacy\\\/\"},\"address\":{\"@id\":\"https:\\\/\\\/thenutrition.store\\\/contact\\\/#local-main-place-address\"},\"geo\":{\"@type\":\"GeoCoordinates\",\"latitude\":\"41.40528570\",\"longitude\":\"2.17366360\"},\"telephone\":[\"933 48 07 40\"],\"contactPoint\":{\"@type\":\"ContactPoint\",\"telephone\":\"933 48 07 40\",\"email\":\"info@thenutrition.store\"},\"openingHoursSpecification\":[{\"@type\":\"OpeningHoursSpecification\",\"dayOfWeek\":[\"Monday\",\"Tuesday\",\"Wednesday\",\"Thursday\",\"Friday\"],\"opens\":\"11:00\",\"closes\":\"23:00\"},{\"@type\":\"OpeningHoursSpecification\",\"dayOfWeek\":[\"Saturday\"],\"opens\":\"11:00\",\"closes\":\"16:00\"},{\"@type\":\"OpeningHoursSpecification\",\"dayOfWeek\":[\"Sunday\"],\"opens\":\"11:00\",\"closes\":\"18:00\"}],\"email\":\"info@thenutrition.store\",\"taxID\":\"ESY7604724H\"},{\"@type\":\"PostalAddress\",\"@id\":\"https:\\\/\\\/thenutrition.store\\\/contact\\\/#local-main-place-address\",\"streetAddress\":\"Carrer de la Marina, 300, Eixample\",\"addressLocality\":\"Barcelona\",\"postalCode\":\"08025\",\"addressRegion\":\"Barcelona\",\"addressCountry\":\"ES\"},{\"@type\":\"ImageObject\",\"inLanguage\":\"fr-FR\",\"@id\":\"https:\\\/\\\/thenutrition.store\\\/contact\\\/#local-main-organization-logo\",\"url\":\"https:\\\/\\\/thenutrition.store\\\/wp-content\\\/uploads\\\/2023\\\/11\\\/cropped-TheNutritionStoreLOGOFinal_1-2-scaled-2.jpg\",\"contentUrl\":\"https:\\\/\\\/thenutrition.store\\\/wp-content\\\/uploads\\\/2023\\\/11\\\/cropped-TheNutritionStoreLOGOFinal_1-2-scaled-2.jpg\",\"width\":2560,\"height\":661,\"caption\":\"The Nutrition Store\"}]}<\/script>\n<meta name=\"geo.placename\" content=\"Barcelona\" \/>\n<meta name=\"geo.position\" content=\"41.40528570;2.17366360\" \/>\n<meta name=\"geo.region\" content=\"Espagne\" \/>\n<!-- \/ Yoast SEO Premium plugin. -->","yoast_head_json":{"title":"Personal trainer Barcelona - Contact Nutrition Store Marina","description":"Entra\u00eeneur personnel Barcelone : Contactez notre \u00e9quipe d'experts \u00e0 Marina 300. Obtenez des plans d'entra\u00eenement personnalis\u00e9s, des conseils en mati\u00e8re de nutrition et des compl\u00e9ments alimentaires de qualit\u00e9.","robots":{"index":"index","follow":"follow","max-snippet":"max-snippet:-1","max-image-preview":"max-image-preview:large","max-video-preview":"max-video-preview:-1"},"canonical":"https:\/\/thenutrition.store\/fr\/contact\/","og_locale":"fr_FR","og_type":"article","og_title":"CONTACT","og_description":"Personal trainer Barcelona: Contact our expert team at Marina 300. Get personalized training plans, nutrition advice & premium supplements.","og_url":"https:\/\/thenutrition.store\/fr\/contact\/","article_publisher":"https:\/\/www.facebook.com\/people\/The-Nutrition-Store\/100063707102061\/","article_modified_time":"2026-04-08T02:06:54+00:00","og_image":[{"width":435,"height":116,"url":"https:\/\/thenutrition.store\/wp-content\/uploads\/2023\/11\/9bd19c6c-4c2b-4a6a-b4c6-f98055b93531.png","type":"image\/png"}],"twitter_card":"summary_large_image","twitter_misc":{"Dur\u00e9e de lecture estim\u00e9e":"1 minute"},"schema":{"@context":"https:\/\/schema.org","@graph":[{"@type":"WebPage","@id":"https:\/\/thenutrition.store\/contact\/","url":"https:\/\/thenutrition.store\/contact\/","name":"Personal trainer Barcelona - Contact Nutrition Store Marina","isPartOf":{"@id":"https:\/\/thenutrition.store\/#website"},"primaryImageOfPage":{"@id":"https:\/\/thenutrition.store\/contact\/#primaryimage"},"image":{"@id":"https:\/\/thenutrition.store\/contact\/#primaryimage"},"thumbnailUrl":"https:\/\/thenutrition.store\/wp-content\/uploads\/2023\/11\/9bd19c6c-4c2b-4a6a-b4c6-f98055b93531-300x80.png","datePublished":"2023-11-29T08:04:52+00:00","dateModified":"2026-04-08T02:06:54+00:00","description":"Entra\u00eeneur personnel Barcelone : Contactez notre \u00e9quipe d'experts \u00e0 Marina 300. Obtenez des plans d'entra\u00eenement personnalis\u00e9s, des conseils en mati\u00e8re de nutrition et des compl\u00e9ments alimentaires de qualit\u00e9.","breadcrumb":{"@id":"https:\/\/thenutrition.store\/contact\/#breadcrumb"},"inLanguage":"fr-FR","potentialAction":[{"@type":"ReadAction","target":["https:\/\/thenutrition.store\/contact\/"]}]},{"@type":"ImageObject","inLanguage":"fr-FR","@id":"https:\/\/thenutrition.store\/contact\/#primaryimage","url":"https:\/\/thenutrition.store\/wp-content\/uploads\/2023\/11\/9bd19c6c-4c2b-4a6a-b4c6-f98055b93531-300x80.png","contentUrl":"https:\/\/thenutrition.store\/wp-content\/uploads\/2023\/11\/9bd19c6c-4c2b-4a6a-b4c6-f98055b93531-300x80.png"},{"@type":"BreadcrumbList","@id":"https:\/\/thenutrition.store\/contact\/#breadcrumb","itemListElement":[{"@type":"ListItem","position":1,"name":"Home","item":"https:\/\/thenutrition.store\/"},{"@type":"ListItem","position":2,"name":"CONTACT"}]},{"@type":"WebSite","@id":"https:\/\/thenutrition.store\/#website","url":"https:\/\/thenutrition.store\/","name":"Le magasin de nutrition","description":"Magasin de vitamines et de compl\u00e9ments alimentaires \u00e0 Barcelone","publisher":{"@id":"https:\/\/thenutrition.store\/#organization"},"alternateName":"Tienda de Nutrici\u00f3n Vitaminas Suplementos en Barcelona","potentialAction":[{"@type":"SearchAction","target":{"@type":"EntryPoint","urlTemplate":"https:\/\/thenutrition.store\/?s={search_term_string}"},"query-input":{"@type":"PropertyValueSpecification","valueRequired":true,"valueName":"search_term_string"}}],"inLanguage":"fr-FR"},{"@type":["Organization","Place"],"@id":"https:\/\/thenutrition.store\/#organization","name":"Le magasin de nutrition","alternateName":"Tienda Nutrici\u00f3n en Barcelona","url":"https:\/\/thenutrition.store\/","logo":{"@id":"https:\/\/thenutrition.store\/contact\/#local-main-organization-logo"},"image":{"@id":"https:\/\/thenutrition.store\/contact\/#local-main-organization-logo"},"sameAs":["https:\/\/www.facebook.com\/people\/The-Nutrition-Store\/100063707102061\/","https:\/\/www.instagram.com\/nutritionstorebarcelona\/","https:\/\/www.tiktok.com\/@thenutritionstorebcnn"],"description":"Boutique de nutrition \u00e0 Barcelone. Suppl\u00e9ments sportifs, vitamines et conseils personnalis\u00e9s.","legalName":"The Nutrition Store","foundingDate":"2019-11-05","numberOfEmployees":{"@type":"QuantitativeValue","minValue":"1","maxValue":"10"},"ethicsPolicy":"https:\/\/thenutrition.store\/terms-and-privacy\/","hasMerchantReturnPolicy":{"@type":"MerchantReturnPolicy","merchantReturnLink":"https:\/\/thenutrition.store\/fr\/terms-and-privacy\/"},"address":{"@id":"https:\/\/thenutrition.store\/contact\/#local-main-place-address"},"geo":{"@type":"GeoCoordinates","latitude":"41.40528570","longitude":"2.17366360"},"telephone":["933 48 07 40"],"contactPoint":{"@type":"ContactPoint","telephone":"933 48 07 40","email":"info@thenutrition.store"},"openingHoursSpecification":[{"@type":"OpeningHoursSpecification","dayOfWeek":["Monday","Tuesday","Wednesday","Thursday","Friday"],"opens":"11:00","closes":"23:00"},{"@type":"OpeningHoursSpecification","dayOfWeek":["Saturday"],"opens":"11:00","closes":"16:00"},{"@type":"OpeningHoursSpecification","dayOfWeek":["Sunday"],"opens":"11:00","closes":"18:00"}],"email":"info@thenutrition.store","taxID":"ESY7604724H"},{"@type":"PostalAddress","@id":"https:\/\/thenutrition.store\/contact\/#local-main-place-address","streetAddress":"Carrer de la Marina, 300, Eixample","addressLocality":"Barcelona","postalCode":"08025","addressRegion":"Barcelona","addressCountry":"ES"},{"@type":"ImageObject","inLanguage":"fr-FR","@id":"https:\/\/thenutrition.store\/contact\/#local-main-organization-logo","url":"https:\/\/thenutrition.store\/wp-content\/uploads\/2023\/11\/cropped-TheNutritionStoreLOGOFinal_1-2-scaled-2.jpg","contentUrl":"https:\/\/thenutrition.store\/wp-content\/uploads\/2023\/11\/cropped-TheNutritionStoreLOGOFinal_1-2-scaled-2.jpg","width":2560,"height":661,"caption":"The Nutrition Store"}]},"geo.placename":"Barcelona","geo.position":{"lat":"41.40528570","long":"2.17366360"},"geo.region":"Espagne"},"_links":{"self":[{"href":"https:\/\/thenutrition.store\/fr\/wp-json\/wp\/v2\/pages\/17","targetHints":{"allow":["GET"]}}],"collection":[{"href":"https:\/\/thenutrition.store\/fr\/wp-json\/wp\/v2\/pages"}],"about":[{"href":"https:\/\/thenutrition.store\/fr\/wp-json\/wp\/v2\/types\/page"}],"author":[{"embeddable":true,"href":"https:\/\/thenutrition.store\/fr\/wp-json\/wp\/v2\/users\/1"}],"replies":[{"embeddable":true,"href":"https:\/\/thenutrition.store\/fr\/wp-json\/wp\/v2\/comments?post=17"}],"version-history":[{"count":9,"href":"https:\/\/thenutrition.store\/fr\/wp-json\/wp\/v2\/pages\/17\/revisions"}],"predecessor-version":[{"id":9912,"href":"https:\/\/thenutrition.store\/fr\/wp-json\/wp\/v2\/pages\/17\/revisions\/9912"}],"wp:attachment":[{"href":"https:\/\/thenutrition.store\/fr\/wp-json\/wp\/v2\/media?parent=17"}],"curies":[{"name":"wp","href":"https:\/\/api.w.org\/{rel}","templated":true}]}}