{"id":10096,"date":"2026-04-29T10:19:27","date_gmt":"2026-04-29T10:19:27","guid":{"rendered":"https:\/\/thenutrition.store\/?post_type=product&#038;p=10096"},"modified":"2026-04-29T10:19:29","modified_gmt":"2026-04-29T10:19:29","slug":"biotechusa-100-creatine-monohydrate-300-g","status":"publish","type":"product","link":"https:\/\/thenutrition.store\/fr\/product\/biotechusa-100-creatine-monohydrate-300-g\/","title":{"rendered":"BioTechUSA \u2014 100% Monohydrate de cr\u00e9atine \u2014 300 g"},"content":{"rendered":"","protected":false},"excerpt":{"rendered":"<p>Pur. Sans ar\u00f4me. Efficace. Le 100% Monohydrate de cr\u00e9atine de BioTechUSA est l'un des compl\u00e9ments sportifs les plus \u00e9tudi\u00e9s sur le march\u00e9 \u2014 et pour cause. Chaque portion de 3,4 g de monohydrate de cr\u00e9atine micronis\u00e9e alimente directement la resynth\u00e8se de la phosphocr\u00e9atine, se traduisant par des augmentations mesurables de la force, de la puissance explosive et du volume musculaire. Le format de 300 g offre 88 portions d'une formule pure, sans additifs, qui se m\u00e9lange facilement \u00e0 l'eau, aux shakes ou au jus. Aucun compos\u00e9 inutile \u2014 juste l'ingr\u00e9dient qui fonctionne. Obtenez des conseils de dosage personnalis\u00e9s de notre \u00e9quipe de sp\u00e9cialistes et maximisez vos r\u00e9sultats d\u00e8s le premier jour.<\/p>","protected":false},"featured_media":10097,"comment_status":"closed","ping_status":"closed","template":"","meta":{"site-sidebar-layout":"default","site-content-layout":"","ast-site-content-layout":"default","site-content-style":"default","site-sidebar-style":"default","ast-global-header-display":"","ast-banner-title-visibility":"","ast-main-header-display":"","ast-hfb-above-header-display":"","ast-hfb-below-header-display":"","ast-hfb-mobile-header-display":"","site-post-title":"","ast-breadcrumbs-content":"","ast-featured-img":"","footer-sml-layout":"","ast-disable-related-posts":"","theme-transparent-header-meta":"default","adv-header-id-meta":"","stick-header-meta":"","header-above-stick-meta":"","header-main-stick-meta":"","header-below-stick-meta":"","astra-migrate-meta-layouts":"set","ast-page-background-enabled":"default","ast-page-background-meta":{"desktop":{"background-color":"var(--ast-global-color-4)","background-image":"","background-repeat":"repeat","background-position":"center center","background-size":"auto","background-attachment":"scroll","background-type":"","background-media":"","overlay-type":"","overlay-color":"","overlay-opacity":"","overlay-gradient":""},"tablet":{"background-color":"","background-image":"","background-repeat":"repeat","background-position":"center center","background-size":"auto","background-attachment":"scroll","background-type":"","background-media":"","overlay-type":"","overlay-color":"","overlay-opacity":"","overlay-gradient":""},"mobile":{"background-color":"","background-image":"","background-repeat":"repeat","background-position":"center center","background-size":"auto","background-attachment":"scroll","background-type":"","background-media":"","overlay-type":"","overlay-color":"","overlay-opacity":"","overlay-gradient":""}},"ast-content-background-meta":{"desktop":{"background-color":"var(--ast-global-color-5)","background-image":"","background-repeat":"repeat","background-position":"center center","background-size":"auto","background-attachment":"scroll","background-type":"","background-media":"","overlay-type":"","overlay-color":"","overlay-opacity":"","overlay-gradient":""},"tablet":{"background-color":"var(--ast-global-color-5)","background-image":"","background-repeat":"repeat","background-position":"center center","background-size":"auto","background-attachment":"scroll","background-type":"","background-media":"","overlay-type":"","overlay-color":"","overlay-opacity":"","overlay-gradient":""},"mobile":{"background-color":"var(--ast-global-color-5)","background-image":"","background-repeat":"repeat","background-position":"center center","background-size":"auto","background-attachment":"scroll","background-type":"","background-media":"","overlay-type":"","overlay-color":"","overlay-opacity":"","overlay-gradient":""}},"_joinchat":[]},"product_brand":[],"product_cat":[217],"product_tag":[],"class_list":{"0":"post-10096","1":"product","2":"type-product","3":"status-publish","4":"has-post-thumbnail","6":"product_cat-creatine","7":"desktop-align-left","8":"tablet-align-left","9":"mobile-align-left","11":"first","12":"instock","13":"taxable","14":"shipping-taxable","15":"purchasable","16":"product-type-simple"},"yoast_head":"<!-- This site is optimized with the Yoast SEO Premium plugin v26.8 (Yoast SEO v27.5) - https:\/\/yoast.com\/product\/yoast-seo-premium-wordpress\/ -->\n<title>BioTechUSA \u2014 100% Creatine Monohydrate \u2014 300 g -<\/title>\n<meta name=\"robots\" content=\"index, follow, max-snippet:-1, max-image-preview:large, max-video-preview:-1\" \/>\n<link rel=\"canonical\" href=\"https:\/\/thenutrition.store\/fr\/produit\/biotechusa-100-creatine-monohydrate-300-g\/\" \/>\n<meta property=\"og:locale\" content=\"fr_FR\" \/>\n<meta property=\"og:type\" content=\"article\" \/>\n<meta property=\"og:title\" content=\"BioTechUSA \u2014 100% Creatine Monohydrate \u2014 300 g\" \/>\n<meta property=\"og:description\" content=\"Pure. Unflavored. Effective. BioTechUSA 100% Creatine Monohydrate is one of the most researched sports supplements on the market \u2014 and for good reason. Each 3.4g serving of micronized creatine monohydrate directly fuels phosphocreatine resynthesis, translating into measurable increases in strength, explosive power, and muscle volume. The 300g format offers 88 servings of a clean, additive-free formula that mixes easily into water, shakes, or juice. No unnecessary compounds \u2014 just the ingredient that works. Get personalized dosing advice from our team of specialists and maximize your results from day one.\" \/>\n<meta property=\"og:url\" content=\"https:\/\/thenutrition.store\/fr\/produit\/biotechusa-100-creatine-monohydrate-300-g\/\" \/>\n<meta property=\"article:publisher\" content=\"https:\/\/www.facebook.com\/people\/The-Nutrition-Store\/100063707102061\/\" \/>\n<meta property=\"article:modified_time\" content=\"2026-04-29T10:19:29+00:00\" \/>\n<meta property=\"og:image\" content=\"https:\/\/thenutrition.store\/wp-content\/uploads\/2026\/04\/100-creatine-monohydrate-300g-biotechusa-1.jpeg\" \/>\n\t<meta property=\"og:image:width\" content=\"1200\" \/>\n\t<meta property=\"og:image:height\" content=\"1200\" \/>\n\t<meta property=\"og:image:type\" content=\"image\/jpeg\" \/>\n<meta name=\"twitter:card\" content=\"summary_large_image\" \/>\n<meta name=\"twitter:label1\" content=\"Prix\" \/>\n\t<meta name=\"twitter:data1\" content=\"29,90&nbsp;&euro;\" \/>\n\t<meta name=\"twitter:label2\" content=\"Disponibilit\u00e9\" \/>\n\t<meta name=\"twitter:data2\" content=\"En stock\" \/>\n<script type=\"application\/ld+json\" class=\"yoast-schema-graph\">{\"@context\":\"https:\\\/\\\/schema.org\",\"@graph\":[{\"@type\":\"WebPage\",\"@id\":\"https:\\\/\\\/thenutrition.store\\\/product\\\/biotechusa-100-creatine-monohydrate-300-g\\\/\",\"url\":\"https:\\\/\\\/thenutrition.store\\\/product\\\/biotechusa-100-creatine-monohydrate-300-g\\\/\",\"name\":\"BioTechUSA \u2014 100% Creatine Monohydrate \u2014 300 g -\",\"isPartOf\":{\"@id\":\"https:\\\/\\\/thenutrition.store\\\/#website\"},\"primaryImageOfPage\":{\"@id\":\"https:\\\/\\\/thenutrition.store\\\/product\\\/biotechusa-100-creatine-monohydrate-300-g\\\/#primaryimage\"},\"image\":{\"@id\":\"https:\\\/\\\/thenutrition.store\\\/product\\\/biotechusa-100-creatine-monohydrate-300-g\\\/#primaryimage\"},\"thumbnailUrl\":\"https:\\\/\\\/thenutrition.store\\\/wp-content\\\/uploads\\\/2026\\\/04\\\/100-creatine-monohydrate-300g-biotechusa-1.jpeg\",\"datePublished\":\"2026-04-29T10:19:27+00:00\",\"dateModified\":\"2026-04-29T10:19:29+00:00\",\"breadcrumb\":{\"@id\":\"https:\\\/\\\/thenutrition.store\\\/product\\\/biotechusa-100-creatine-monohydrate-300-g\\\/#breadcrumb\"},\"inLanguage\":\"fr-FR\",\"potentialAction\":[{\"@type\":\"ReadAction\",\"target\":[\"https:\\\/\\\/thenutrition.store\\\/product\\\/biotechusa-100-creatine-monohydrate-300-g\\\/\"]}]},{\"@type\":\"ImageObject\",\"inLanguage\":\"fr-FR\",\"@id\":\"https:\\\/\\\/thenutrition.store\\\/product\\\/biotechusa-100-creatine-monohydrate-300-g\\\/#primaryimage\",\"url\":\"https:\\\/\\\/thenutrition.store\\\/wp-content\\\/uploads\\\/2026\\\/04\\\/100-creatine-monohydrate-300g-biotechusa-1.jpeg\",\"contentUrl\":\"https:\\\/\\\/thenutrition.store\\\/wp-content\\\/uploads\\\/2026\\\/04\\\/100-creatine-monohydrate-300g-biotechusa-1.jpeg\",\"width\":1200,\"height\":1200,\"caption\":\"100%-creatine-monohydrate-300g-biotechusa\"},{\"@type\":\"BreadcrumbList\",\"@id\":\"https:\\\/\\\/thenutrition.store\\\/product\\\/biotechusa-100-creatine-monohydrate-300-g\\\/#breadcrumb\",\"itemListElement\":[{\"@type\":\"ListItem\",\"position\":1,\"name\":\"Home\",\"item\":\"https:\\\/\\\/thenutrition.store\\\/\"},{\"@type\":\"ListItem\",\"position\":2,\"name\":\"Shop\",\"item\":\"https:\\\/\\\/thenutrition.store\\\/shop\\\/\"},{\"@type\":\"ListItem\",\"position\":3,\"name\":\"BioTechUSA \u2014 100% Creatine Monohydrate \u2014 300 g\"}]},{\"@type\":\"WebSite\",\"@id\":\"https:\\\/\\\/thenutrition.store\\\/#website\",\"url\":\"https:\\\/\\\/thenutrition.store\\\/\",\"name\":\"The Nutrition Store\",\"description\":\"Vitamin and Supplement Store in Barcelona\",\"publisher\":{\"@id\":\"https:\\\/\\\/thenutrition.store\\\/#organization\"},\"alternateName\":\"Tienda de Nutrici\u00f3n Vitaminas Suplementos en Barcelona\",\"potentialAction\":[{\"@type\":\"SearchAction\",\"target\":{\"@type\":\"EntryPoint\",\"urlTemplate\":\"https:\\\/\\\/thenutrition.store\\\/?s={search_term_string}\"},\"query-input\":{\"@type\":\"PropertyValueSpecification\",\"valueRequired\":true,\"valueName\":\"search_term_string\"}}],\"inLanguage\":\"fr-FR\"},{\"@type\":[\"Organization\",\"Place\"],\"@id\":\"https:\\\/\\\/thenutrition.store\\\/#organization\",\"name\":\"The Nutrition Store\",\"alternateName\":\"Tienda Nutrici\u00f3n en Barcelona\",\"url\":\"https:\\\/\\\/thenutrition.store\\\/\",\"logo\":{\"@id\":\"https:\\\/\\\/thenutrition.store\\\/product\\\/biotechusa-100-creatine-monohydrate-300-g\\\/#local-main-organization-logo\"},\"image\":{\"@id\":\"https:\\\/\\\/thenutrition.store\\\/product\\\/biotechusa-100-creatine-monohydrate-300-g\\\/#local-main-organization-logo\"},\"sameAs\":[\"https:\\\/\\\/www.facebook.com\\\/people\\\/The-Nutrition-Store\\\/100063707102061\\\/\",\"https:\\\/\\\/www.instagram.com\\\/nutritionstorebarcelona\\\/\",\"https:\\\/\\\/www.tiktok.com\\\/@thenutritionstorebcnn\"],\"description\":\"Tienda de nutrici\u00f3n de Barcelona. Suplementos deportivos, vitaminas y asesoramiento personalizado.\",\"legalName\":\"The Nutrition Store\",\"foundingDate\":\"2019-11-05\",\"numberOfEmployees\":{\"@type\":\"QuantitativeValue\",\"minValue\":\"1\",\"maxValue\":\"10\"},\"ethicsPolicy\":\"https:\\\/\\\/thenutrition.store\\\/terms-and-privacy\\\/\",\"hasMerchantReturnPolicy\":{\"@type\":\"MerchantReturnPolicy\",\"merchantReturnLink\":\"https:\\\/\\\/thenutrition.store\\\/fr\\\/terms-and-privacy\\\/\"},\"address\":{\"@id\":\"https:\\\/\\\/thenutrition.store\\\/product\\\/biotechusa-100-creatine-monohydrate-300-g\\\/#local-main-place-address\"},\"geo\":{\"@type\":\"GeoCoordinates\",\"latitude\":\"41.40528570\",\"longitude\":\"2.17366360\"},\"telephone\":[\"933 48 07 40\"],\"contactPoint\":{\"@type\":\"ContactPoint\",\"telephone\":\"933 48 07 40\",\"email\":\"info@thenutrition.store\"},\"openingHoursSpecification\":[{\"@type\":\"OpeningHoursSpecification\",\"dayOfWeek\":[\"Monday\",\"Tuesday\",\"Wednesday\",\"Thursday\",\"Friday\"],\"opens\":\"11:00\",\"closes\":\"23:00\"},{\"@type\":\"OpeningHoursSpecification\",\"dayOfWeek\":[\"Saturday\"],\"opens\":\"11:00\",\"closes\":\"16:00\"},{\"@type\":\"OpeningHoursSpecification\",\"dayOfWeek\":[\"Sunday\"],\"opens\":\"11:00\",\"closes\":\"18:00\"}],\"email\":\"info@thenutrition.store\",\"taxID\":\"ESY7604724H\"},{\"@type\":\"PostalAddress\",\"@id\":\"https:\\\/\\\/thenutrition.store\\\/product\\\/biotechusa-100-creatine-monohydrate-300-g\\\/#local-main-place-address\",\"streetAddress\":\"Carrer de la Marina, 300, Eixample\",\"addressLocality\":\"Barcelona\",\"postalCode\":\"08025\",\"addressRegion\":\"Barcelona\",\"addressCountry\":\"ES\"},{\"@type\":\"ImageObject\",\"inLanguage\":\"fr-FR\",\"@id\":\"https:\\\/\\\/thenutrition.store\\\/product\\\/biotechusa-100-creatine-monohydrate-300-g\\\/#local-main-organization-logo\",\"url\":\"https:\\\/\\\/thenutrition.store\\\/wp-content\\\/uploads\\\/2023\\\/11\\\/cropped-TheNutritionStoreLOGOFinal_1-2-scaled-2.jpg\",\"contentUrl\":\"https:\\\/\\\/thenutrition.store\\\/wp-content\\\/uploads\\\/2023\\\/11\\\/cropped-TheNutritionStoreLOGOFinal_1-2-scaled-2.jpg\",\"width\":2560,\"height\":661,\"caption\":\"The Nutrition Store\"}]}<\/script>\n<meta property=\"product:price:amount\" content=\"29.90\" \/>\n<meta property=\"product:price:currency\" content=\"EUR\" \/>\n<meta property=\"og:availability\" content=\"instock\" \/>\n<meta property=\"product:availability\" content=\"instock\" \/>\n<meta property=\"product:condition\" content=\"new\" \/>\n<meta name=\"geo.placename\" content=\"Barcelona\" \/>\n<meta name=\"geo.position\" content=\"41.40528570;2.17366360\" \/>\n<meta name=\"geo.region\" content=\"Espagne\" \/>\n<!-- \/ Yoast SEO Premium plugin. -->","yoast_head_json":{"title":"BioTechUSA \u2014 100% Monohydrate de Cr\u00e9atine \u2014 300 g -","robots":{"index":"index","follow":"follow","max-snippet":"max-snippet:-1","max-image-preview":"max-image-preview:large","max-video-preview":"max-video-preview:-1"},"canonical":"https:\/\/thenutrition.store\/fr\/produit\/biotechusa-100-creatine-monohydrate-300-g\/","og_locale":"fr_FR","og_type":"article","og_title":"BioTechUSA \u2014 100% Creatine Monohydrate \u2014 300 g","og_description":"Pure. Unflavored. Effective. BioTechUSA 100% Creatine Monohydrate is one of the most researched sports supplements on the market \u2014 and for good reason. Each 3.4g serving of micronized creatine monohydrate directly fuels phosphocreatine resynthesis, translating into measurable increases in strength, explosive power, and muscle volume. The 300g format offers 88 servings of a clean, additive-free formula that mixes easily into water, shakes, or juice. No unnecessary compounds \u2014 just the ingredient that works. Get personalized dosing advice from our team of specialists and maximize your results from day one.","og_url":"https:\/\/thenutrition.store\/fr\/produit\/biotechusa-100-creatine-monohydrate-300-g\/","article_publisher":"https:\/\/www.facebook.com\/people\/The-Nutrition-Store\/100063707102061\/","article_modified_time":"2026-04-29T10:19:29+00:00","og_image":[{"width":1200,"height":1200,"url":"https:\/\/thenutrition.store\/wp-content\/uploads\/2026\/04\/100-creatine-monohydrate-300g-biotechusa-1.jpeg","type":"image\/jpeg"}],"twitter_card":"summary_large_image","twitter_misc":{"Prix":"29,90&nbsp;&euro;","Disponibilit\u00e9":"En stock"},"schema":{"@context":"https:\/\/schema.org","@graph":[{"@type":"WebPage","@id":"https:\/\/thenutrition.store\/product\/biotechusa-100-creatine-monohydrate-300-g\/","url":"https:\/\/thenutrition.store\/product\/biotechusa-100-creatine-monohydrate-300-g\/","name":"BioTechUSA \u2014 100% Monohydrate de Cr\u00e9atine \u2014 300 g -","isPartOf":{"@id":"https:\/\/thenutrition.store\/#website"},"primaryImageOfPage":{"@id":"https:\/\/thenutrition.store\/product\/biotechusa-100-creatine-monohydrate-300-g\/#primaryimage"},"image":{"@id":"https:\/\/thenutrition.store\/product\/biotechusa-100-creatine-monohydrate-300-g\/#primaryimage"},"thumbnailUrl":"https:\/\/thenutrition.store\/wp-content\/uploads\/2026\/04\/100-creatine-monohydrate-300g-biotechusa-1.jpeg","datePublished":"2026-04-29T10:19:27+00:00","dateModified":"2026-04-29T10:19:29+00:00","breadcrumb":{"@id":"https:\/\/thenutrition.store\/product\/biotechusa-100-creatine-monohydrate-300-g\/#breadcrumb"},"inLanguage":"fr-FR","potentialAction":[{"@type":"ReadAction","target":["https:\/\/thenutrition.store\/product\/biotechusa-100-creatine-monohydrate-300-g\/"]}]},{"@type":"ImageObject","inLanguage":"fr-FR","@id":"https:\/\/thenutrition.store\/product\/biotechusa-100-creatine-monohydrate-300-g\/#primaryimage","url":"https:\/\/thenutrition.store\/wp-content\/uploads\/2026\/04\/100-creatine-monohydrate-300g-biotechusa-1.jpeg","contentUrl":"https:\/\/thenutrition.store\/wp-content\/uploads\/2026\/04\/100-creatine-monohydrate-300g-biotechusa-1.jpeg","width":1200,"height":1200,"caption":"100%-creatine-monohydrate-300g-biotechusa"},{"@type":"BreadcrumbList","@id":"https:\/\/thenutrition.store\/product\/biotechusa-100-creatine-monohydrate-300-g\/#breadcrumb","itemListElement":[{"@type":"ListItem","position":1,"name":"Home","item":"https:\/\/thenutrition.store\/"},{"@type":"ListItem","position":2,"name":"Shop","item":"https:\/\/thenutrition.store\/shop\/"},{"@type":"ListItem","position":3,"name":"BioTechUSA \u2014 100% Creatine Monohydrate \u2014 300 g"}]},{"@type":"WebSite","@id":"https:\/\/thenutrition.store\/#website","url":"https:\/\/thenutrition.store\/","name":"Le magasin de nutrition","description":"Magasin de vitamines et de compl\u00e9ments alimentaires \u00e0 Barcelone","publisher":{"@id":"https:\/\/thenutrition.store\/#organization"},"alternateName":"Tienda de Nutrici\u00f3n Vitaminas Suplementos en Barcelona","potentialAction":[{"@type":"SearchAction","target":{"@type":"EntryPoint","urlTemplate":"https:\/\/thenutrition.store\/?s={search_term_string}"},"query-input":{"@type":"PropertyValueSpecification","valueRequired":true,"valueName":"search_term_string"}}],"inLanguage":"fr-FR"},{"@type":["Organization","Place"],"@id":"https:\/\/thenutrition.store\/#organization","name":"Le magasin de nutrition","alternateName":"Tienda Nutrici\u00f3n en Barcelona","url":"https:\/\/thenutrition.store\/","logo":{"@id":"https:\/\/thenutrition.store\/product\/biotechusa-100-creatine-monohydrate-300-g\/#local-main-organization-logo"},"image":{"@id":"https:\/\/thenutrition.store\/product\/biotechusa-100-creatine-monohydrate-300-g\/#local-main-organization-logo"},"sameAs":["https:\/\/www.facebook.com\/people\/The-Nutrition-Store\/100063707102061\/","https:\/\/www.instagram.com\/nutritionstorebarcelona\/","https:\/\/www.tiktok.com\/@thenutritionstorebcnn"],"description":"Boutique de nutrition \u00e0 Barcelone. Suppl\u00e9ments sportifs, vitamines et conseils personnalis\u00e9s.","legalName":"The Nutrition Store","foundingDate":"2019-11-05","numberOfEmployees":{"@type":"QuantitativeValue","minValue":"1","maxValue":"10"},"ethicsPolicy":"https:\/\/thenutrition.store\/terms-and-privacy\/","hasMerchantReturnPolicy":{"@type":"MerchantReturnPolicy","merchantReturnLink":"https:\/\/thenutrition.store\/fr\/terms-and-privacy\/"},"address":{"@id":"https:\/\/thenutrition.store\/product\/biotechusa-100-creatine-monohydrate-300-g\/#local-main-place-address"},"geo":{"@type":"GeoCoordinates","latitude":"41.40528570","longitude":"2.17366360"},"telephone":["933 48 07 40"],"contactPoint":{"@type":"ContactPoint","telephone":"933 48 07 40","email":"info@thenutrition.store"},"openingHoursSpecification":[{"@type":"OpeningHoursSpecification","dayOfWeek":["Monday","Tuesday","Wednesday","Thursday","Friday"],"opens":"11:00","closes":"23:00"},{"@type":"OpeningHoursSpecification","dayOfWeek":["Saturday"],"opens":"11:00","closes":"16:00"},{"@type":"OpeningHoursSpecification","dayOfWeek":["Sunday"],"opens":"11:00","closes":"18:00"}],"email":"info@thenutrition.store","taxID":"ESY7604724H"},{"@type":"PostalAddress","@id":"https:\/\/thenutrition.store\/product\/biotechusa-100-creatine-monohydrate-300-g\/#local-main-place-address","streetAddress":"Carrer de la Marina, 300, Eixample","addressLocality":"Barcelona","postalCode":"08025","addressRegion":"Barcelona","addressCountry":"ES"},{"@type":"ImageObject","inLanguage":"fr-FR","@id":"https:\/\/thenutrition.store\/product\/biotechusa-100-creatine-monohydrate-300-g\/#local-main-organization-logo","url":"https:\/\/thenutrition.store\/wp-content\/uploads\/2023\/11\/cropped-TheNutritionStoreLOGOFinal_1-2-scaled-2.jpg","contentUrl":"https:\/\/thenutrition.store\/wp-content\/uploads\/2023\/11\/cropped-TheNutritionStoreLOGOFinal_1-2-scaled-2.jpg","width":2560,"height":661,"caption":"The Nutrition Store"}]},"product_price_amount":"29.90","product_price_currency":"EUR","og_availability":"instock","product_availability":"instock","product_condition":"new","geo.placename":"Barcelona","geo.position":{"lat":"41.40528570","long":"2.17366360"},"geo.region":"Espagne"},"_links":{"self":[{"href":"https:\/\/thenutrition.store\/fr\/wp-json\/wp\/v2\/product\/10096","targetHints":{"allow":["GET"]}}],"collection":[{"href":"https:\/\/thenutrition.store\/fr\/wp-json\/wp\/v2\/product"}],"about":[{"href":"https:\/\/thenutrition.store\/fr\/wp-json\/wp\/v2\/types\/product"}],"replies":[{"embeddable":true,"href":"https:\/\/thenutrition.store\/fr\/wp-json\/wp\/v2\/comments?post=10096"}],"version-history":[{"count":2,"href":"https:\/\/thenutrition.store\/fr\/wp-json\/wp\/v2\/product\/10096\/revisions"}],"predecessor-version":[{"id":10099,"href":"https:\/\/thenutrition.store\/fr\/wp-json\/wp\/v2\/product\/10096\/revisions\/10099"}],"wp:featuredmedia":[{"embeddable":true,"href":"https:\/\/thenutrition.store\/fr\/wp-json\/wp\/v2\/media\/10097"}],"wp:attachment":[{"href":"https:\/\/thenutrition.store\/fr\/wp-json\/wp\/v2\/media?parent=10096"}],"wp:term":[{"taxonomy":"product_brand","embeddable":true,"href":"https:\/\/thenutrition.store\/fr\/wp-json\/wp\/v2\/product_brand?post=10096"},{"taxonomy":"product_cat","embeddable":true,"href":"https:\/\/thenutrition.store\/fr\/wp-json\/wp\/v2\/product_cat?post=10096"},{"taxonomy":"product_tag","embeddable":true,"href":"https:\/\/thenutrition.store\/fr\/wp-json\/wp\/v2\/product_tag?post=10096"}],"curies":[{"name":"wp","href":"https:\/\/api.w.org\/{rel}","templated":true}]}}